{"id":119,"date":"2022-10-03T15:05:28","date_gmt":"2022-10-03T15:05:28","guid":{"rendered":"https:\/\/hydrogencouncil.com\/?page_id=119"},"modified":"2024-05-15T16:23:20","modified_gmt":"2024-05-15T14:23:20","slug":"for-media","status":"publish","type":"page","link":"https:\/\/hydrogencouncil.com\/fr\/for-media\/","title":{"rendered":"Pour les m\u00e9dias"},"content":{"rendered":"<div data-elementor-type=\"wp-page\" data-elementor-id=\"119\" class=\"elementor elementor-119\" data-elementor-post-type=\"page\">\n\t\t\t\t\t\t<section class=\"elementor-section elementor-top-section elementor-element elementor-element-da98f26 elementor-section-full_width elementor-section-height-default elementor-section-height-default\" data-id=\"da98f26\" data-element_type=\"section\" data-e-type=\"section\">\n\t\t\t\t\t\t<div class=\"elementor-container elementor-column-gap-default\">\n\t\t\t\t\t<div class=\"elementor-column elementor-col-50 elementor-top-column elementor-element elementor-element-dccc08d\" data-id=\"dccc08d\" data-element_type=\"column\" data-e-type=\"column\">\n\t\t\t<div class=\"elementor-widget-wrap elementor-element-populated\">\n\t\t\t\t\t\t<div class=\"elementor-element elementor-element-8ebb2ac elementor-widget__width-auto elementor-absolute elementor-widget elementor-widget-image\" data-id=\"8ebb2ac\" data-element_type=\"widget\" data-e-type=\"widget\" data-settings=\"{&quot;_position&quot;:&quot;absolute&quot;}\" data-widget_type=\"image.default\">\n\t\t\t\t<div class=\"elementor-widget-container\">\n\t\t\t\t\t\t\t\t\t\t\t\t\t\t\t<img fetchpriority=\"high\" decoding=\"async\" width=\"363\" height=\"325\" src=\"https:\/\/hydrogencouncil.com\/wp-content\/uploads\/2022\/09\/pattern.svg\" class=\"attachment-medium_large size-medium_large wp-image-132\" alt=\"\" \/>\t\t\t\t\t\t\t\t\t\t\t\t\t\t\t<\/div>\n\t\t\t\t<\/div>\n\t\t\t\t<section class=\"elementor-section elementor-inner-section elementor-element elementor-element-120f53c elementor-section-boxed elementor-section-height-default elementor-section-height-default\" data-id=\"120f53c\" data-element_type=\"section\" data-e-type=\"section\" id=\"For_media\">\n\t\t\t\t\t\t<div class=\"elementor-container elementor-column-gap-default\">\n\t\t\t\t\t<div class=\"elementor-column elementor-col-100 elementor-inner-column elementor-element elementor-element-f08da48\" data-id=\"f08da48\" data-element_type=\"column\" data-e-type=\"column\">\n\t\t\t<div class=\"elementor-widget-wrap elementor-element-populated\">\n\t\t\t\t\t\t<div class=\"elementor-element elementor-element-a401099 elementor-widget elementor-widget-raven-post-title\" data-id=\"a401099\" data-element_type=\"widget\" data-e-type=\"widget\" data-widget_type=\"raven-post-title.default\">\n\t\t\t\t<div class=\"elementor-widget-container\">\n\t\t\t\t\t<h1 class=\"raven-post-title\">Pour les m\u00e9dias<\/h1>\t\t\t\t<\/div>\n\t\t\t\t<\/div>\n\t\t\t\t<div class=\"elementor-element elementor-element-8f8e07f elementor-widget elementor-widget-text-editor\" data-id=\"8f8e07f\" data-element_type=\"widget\" data-e-type=\"widget\" data-widget_type=\"text-editor.default\">\n\t\t\t\t<div class=\"elementor-widget-container\">\n\t\t\t\t\t\t\t\t\t<p>Pour obtenir plus d&#039;informations sur le Hydrogen Council, demander une interview ou \u00eatre ajout\u00e9 \u00e0 notre liste de m\u00e9dias, veuillez envoyer un e-mail \u00e0\u00a0: <a href=\"mailto:communications@hydrogencouncil.com\">communications@hydrogencouncil.com<\/a><\/p>\t\t\t\t\t\t\t\t<\/div>\n\t\t\t\t<\/div>\n\t\t\t\t<div class=\"elementor-element elementor-element-4c4c23e e-grid-align-left elementor-shape-rounded elementor-grid-0 elementor-widget elementor-widget-social-icons\" data-id=\"4c4c23e\" data-element_type=\"widget\" data-e-type=\"widget\" data-widget_type=\"social-icons.default\">\n\t\t\t\t<div class=\"elementor-widget-container\">\n\t\t\t\t\t\t\t<div class=\"elementor-social-icons-wrapper elementor-grid\" role=\"list\">\n\t\t\t\t\t\t\t<span class=\"elementor-grid-item\" role=\"listitem\">\n\t\t\t\t\t<a class=\"elementor-icon elementor-social-icon elementor-social-icon-linkedin elementor-repeater-item-e7ca13c\" href=\"https:\/\/www.linkedin.com\/company\/hydrogencouncil\/\" target=\"_blank\">\n\t\t\t\t\t\t<span class=\"elementor-screen-only\">Linkedin<\/span>\n\t\t\t\t\t\t<i aria-hidden=\"true\" class=\"fab fa-linkedin\"><\/i>\t\t\t\t\t<\/a>\n\t\t\t\t<\/span>\n\t\t\t\t\t\t\t<span class=\"elementor-grid-item\" role=\"listitem\">\n\t\t\t\t\t<a class=\"elementor-icon elementor-social-icon elementor-social-icon-twitter elementor-repeater-item-4e172c5\" href=\"https:\/\/twitter.com\/HydrogenCouncil\" target=\"_blank\">\n\t\t\t\t\t\t<span class=\"elementor-screen-only\">Twitter<\/span>\n\t\t\t\t\t\t<i aria-hidden=\"true\" class=\"fab fa-twitter\"><\/i>\t\t\t\t\t<\/a>\n\t\t\t\t<\/span>\n\t\t\t\t\t<\/div>\n\t\t\t\t\t\t<\/div>\n\t\t\t\t<\/div>\n\t\t\t\t\t<\/div>\n\t\t<\/div>\n\t\t\t\t\t<\/div>\n\t\t<\/section>\n\t\t\t\t\t<\/div>\n\t\t<\/div>\n\t\t\t\t<div class=\"elementor-column elementor-col-50 elementor-top-column elementor-element elementor-element-c6f6b22\" data-id=\"c6f6b22\" data-element_type=\"column\" data-e-type=\"column\">\n\t\t\t<div class=\"elementor-widget-wrap elementor-element-populated\">\n\t\t\t\t\t\t<div class=\"elementor-element elementor-element-3f76787 elementor-widget elementor-widget-tp-cascading-image\" data-id=\"3f76787\" data-element_type=\"widget\" data-e-type=\"widget\" data-widget_type=\"tp-cascading-image.default\">\n\t\t\t\t<div class=\"elementor-widget-container\">\n\t\t\t\t\t<div class=\"pt_plus_animated_image cascading-block  wpb_single_image cascading_69e43588d0bec\"  data-tp-gsap-cascding-image=\"\" ><div class=\"cascading-inner-loop\"><div id=\"cascading69e43588d0c190\" class=\"cascading-image hehe elementor-repeater-item-fa7c20f img69e43588d0c180   magic-scroll\"  ><div class=\"cascading-image-inner  parallax-scroll\"  data-scroll_type=\"position\"  data-scroll_offset=\"0\"  data-scroll_duration=\"300\"  data-scroll_x_from=\"10\"  data-scroll_x_to=\"0\"  data-scroll_y_from=\"50\"  data-scroll_y_to=\"-50\"  data-scroll_opacity_from=\"1\"  data-scroll_opacity_to=\"1\"  data-scroll_scale_from=\"1\"  data-scroll_scale_to=\"1\"  data-scroll_rotate_from=\"0\"  data-scroll_rotate_to=\"0\" ><div class=\"cascading-inner-content parallax-hover-1406172   not-link-content\" ><img decoding=\"async\" width=\"363\" height=\"325\" src=\"https:\/\/hydrogencouncil.com\/wp-content\/uploads\/2022\/09\/background-pattern.svg\" class=\"parallax_image\" alt=\"\" \/><\/div><\/div><\/div><div id=\"cascading69e43588d0f6c1\" class=\"cascading-image hehe elementor-repeater-item-d2f0c5d img69e43588d0f691   magic-scroll\"  ><div class=\"cascading-image-inner  parallax-scroll\"  data-scroll_type=\"position\"  data-scroll_offset=\"0\"  data-scroll_duration=\"300\"  data-scroll_x_from=\"5\"  data-scroll_x_to=\"0\"  data-scroll_y_from=\"10\"  data-scroll_y_to=\"-50\"  data-scroll_opacity_from=\"1\"  data-scroll_opacity_to=\"1\"  data-scroll_scale_from=\"1\"  data-scroll_scale_to=\"1\"  data-scroll_rotate_from=\"0\"  data-scroll_rotate_to=\"0\" ><div class=\"cascading-inner-content parallax-hover-1191388   not-link-content\" ><img decoding=\"async\" width=\"218\" height=\"244\" src=\"https:\/\/hydrogencouncil.com\/wp-content\/uploads\/2022\/09\/background-2.svg\" class=\"parallax_image\" alt=\"\" \/><\/div><\/div><\/div><\/div><\/div><style>.cascading-image.img69e43588d0c180{top:auto;bottom:0%;left:-17%;right:auto;max-width:250px;margin: 0 auto;}@media (min-width:601px) and (max-width:990px){.cascading-image.img69e43588d0c180{top:auto;bottom:10%;left:-5%;right:auto;max-width:150px;margin: 0 auto;}}.cascading-image.img69e43588d0f691{top:0%;bottom:auto;left:-20%;right:auto;max-width:180px;margin: 0 auto;}@media (min-width:601px) and (max-width:990px){.cascading-image.img69e43588d0f691{top:0%;bottom:auto;left:-5%;right:auto;max-width:150px;margin: 0 auto;}}<\/style>\t\t\t\t<\/div>\n\t\t\t\t<\/div>\n\t\t\t\t<div class=\"elementor-element elementor-element-5abc2f6 elementor-absolute elementor-widget elementor-widget-image\" data-id=\"5abc2f6\" data-element_type=\"widget\" data-e-type=\"widget\" data-settings=\"{&quot;_position&quot;:&quot;absolute&quot;}\" data-widget_type=\"image.default\">\n\t\t\t\t<div class=\"elementor-widget-container\">\n\t\t\t\t\t\t\t\t\t\t\t\t\t\t\t<img loading=\"lazy\" decoding=\"async\" width=\"768\" height=\"924\" src=\"https:\/\/hydrogencouncil.com\/wp-content\/uploads\/2022\/10\/AdobeStock_412778624_Preview-1-768x924.png\" class=\"attachment-medium_large size-medium_large wp-image-6122\" alt=\"\" srcset=\"https:\/\/hydrogencouncil.com\/wp-content\/uploads\/2022\/10\/AdobeStock_412778624_Preview-1-768x924.png 768w, https:\/\/hydrogencouncil.com\/wp-content\/uploads\/2022\/10\/AdobeStock_412778624_Preview-1-249x300.png 249w, https:\/\/hydrogencouncil.com\/wp-content\/uploads\/2022\/10\/AdobeStock_412778624_Preview-1.png 812w\" sizes=\"(max-width: 768px) 100vw, 768px\" \/>\t\t\t\t\t\t\t\t\t\t\t\t\t\t\t<\/div>\n\t\t\t\t<\/div>\n\t\t\t\t\t<\/div>\n\t\t<\/div>\n\t\t\t\t\t<\/div>\n\t\t<\/section>\n\t\t\t\t<section class=\"elementor-section elementor-top-section elementor-element elementor-element-bc8cd52 elementor-section-boxed elementor-section-height-default elementor-section-height-default\" data-id=\"bc8cd52\" data-element_type=\"section\" data-e-type=\"section\">\n\t\t\t\t\t\t<div class=\"elementor-container elementor-column-gap-default\">\n\t\t\t\t\t<div class=\"elementor-column elementor-col-100 elementor-top-column elementor-element elementor-element-c6ecb01\" data-id=\"c6ecb01\" data-element_type=\"column\" data-e-type=\"column\">\n\t\t\t<div class=\"elementor-widget-wrap elementor-element-populated\">\n\t\t\t\t\t\t<div class=\"elementor-element elementor-element-afcb47b elementor-widget elementor-widget-image\" data-id=\"afcb47b\" data-element_type=\"widget\" data-e-type=\"widget\" data-widget_type=\"image.default\">\n\t\t\t\t<div class=\"elementor-widget-container\">\n\t\t\t\t\t\t\t\t\t\t\t\t\t\t\t<img decoding=\"async\" src=\"https:\/\/hydrogencouncil.com\/wp-content\/uploads\/elementor\/thumbs\/AdobeStock_315474887_Preview-1-pw2ww2maysqer02z3o4v9af0mwjq9le4czua4hhq80.png\" title=\"AdobeStock_315474887_Aper\u00e7u 1\" alt=\"AdobeStock_315474887_Preview 1\" loading=\"lazy\" \/>\t\t\t\t\t\t\t\t\t\t\t\t\t\t\t<\/div>\n\t\t\t\t<\/div>\n\t\t\t\t<div class=\"elementor-element elementor-element-9be1c06 elementor-widget elementor-widget-heading\" data-id=\"9be1c06\" data-element_type=\"widget\" data-e-type=\"widget\" data-widget_type=\"heading.default\">\n\t\t\t\t<div class=\"elementor-widget-container\">\n\t\t\t\t\t<h2 class=\"elementor-heading-title elementor-size-default\"><span style=\"color:var( --e-global-color-text)\">Visiter le<\/span> R\u00e9daction<\/h2>\t\t\t\t<\/div>\n\t\t\t\t<\/div>\n\t\t\t\t<div class=\"elementor-element elementor-element-65fe8d7 elementor-widget-divider--view-line elementor-widget elementor-widget-divider\" data-id=\"65fe8d7\" data-element_type=\"widget\" data-e-type=\"widget\" data-widget_type=\"divider.default\">\n\t\t\t\t<div class=\"elementor-widget-container\">\n\t\t\t\t\t\t\t<div class=\"elementor-divider\">\n\t\t\t<span class=\"elementor-divider-separator\">\n\t\t\t\t\t\t<\/span>\n\t\t<\/div>\n\t\t\t\t\t\t<\/div>\n\t\t\t\t<\/div>\n\t\t\t\t<div class=\"elementor-element elementor-element-95e8b2a elementor-widget elementor-widget-text-editor\" data-id=\"95e8b2a\" data-element_type=\"widget\" data-e-type=\"widget\" data-widget_type=\"text-editor.default\">\n\t\t\t\t<div class=\"elementor-widget-container\">\n\t\t\t\t\t\t\t\t\t<p>Lisez les derniers communiqu\u00e9s de presse, articles de presse, avis d&#039;experts et plus encore.<\/p>\t\t\t\t\t\t\t\t<\/div>\n\t\t\t\t<\/div>\n\t\t\t\t<div class=\"elementor-element elementor-element-39f577d elementor-align-center elementor-widget elementor-widget-button\" data-id=\"39f577d\" data-element_type=\"widget\" data-e-type=\"widget\" data-widget_type=\"button.default\">\n\t\t\t\t<div class=\"elementor-widget-container\">\n\t\t\t\t\t\t\t\t\t<div class=\"elementor-button-wrapper\">\n\t\t\t\t\t<a class=\"elementor-button elementor-button-link elementor-size-sm\" href=\"https:\/\/hydrogencouncil.com\/fr\/newsroom\/\">\n\t\t\t\t\t\t<span class=\"elementor-button-content-wrapper\">\n\t\t\t\t\t\t\t\t\t<span class=\"elementor-button-text\">Explorer les nouvelles<\/span>\n\t\t\t\t\t<\/span>\n\t\t\t\t\t<\/a>\n\t\t\t\t<\/div>\n\t\t\t\t\t\t\t\t<\/div>\n\t\t\t\t<\/div>\n\t\t\t\t\t<\/div>\n\t\t<\/div>\n\t\t\t\t\t<\/div>\n\t\t<\/section>\n\t\t\t\t<section class=\"elementor-section elementor-top-section elementor-element elementor-element-5e1a5fd elementor-section-full_width elementor-section-height-default elementor-section-height-default\" data-id=\"5e1a5fd\" data-element_type=\"section\" data-e-type=\"section\">\n\t\t\t\t\t\t<div class=\"elementor-container elementor-column-gap-default\">\n\t\t\t\t\t<div class=\"elementor-column elementor-col-100 elementor-top-column elementor-element elementor-element-3ecbc77\" data-id=\"3ecbc77\" data-element_type=\"column\" data-e-type=\"column\">\n\t\t\t<div class=\"elementor-widget-wrap elementor-element-populated\">\n\t\t\t\t\t\t<div class=\"elementor-element elementor-element-ab08629 elementor-widget-divider--view-line elementor-widget elementor-widget-divider\" data-id=\"ab08629\" data-element_type=\"widget\" data-e-type=\"widget\" data-widget_type=\"divider.default\">\n\t\t\t\t<div class=\"elementor-widget-container\">\n\t\t\t\t\t\t\t<div class=\"elementor-divider\">\n\t\t\t<span class=\"elementor-divider-separator\">\n\t\t\t\t\t\t<\/span>\n\t\t<\/div>\n\t\t\t\t\t\t<\/div>\n\t\t\t\t<\/div>\n\t\t\t\t<section class=\"elementor-section elementor-inner-section elementor-element elementor-element-1038780 elementor-section-boxed elementor-section-height-default elementor-section-height-default\" data-id=\"1038780\" data-element_type=\"section\" data-e-type=\"section\">\n\t\t\t\t\t\t<div class=\"elementor-container elementor-column-gap-default\">\n\t\t\t\t\t<div class=\"elementor-column elementor-col-100 elementor-inner-column elementor-element elementor-element-706e582\" data-id=\"706e582\" data-element_type=\"column\" data-e-type=\"column\">\n\t\t\t<div class=\"elementor-widget-wrap elementor-element-populated\">\n\t\t\t\t\t\t<div class=\"elementor-element elementor-element-bcccbff elementor-widget elementor-widget-heading\" data-id=\"bcccbff\" data-element_type=\"widget\" data-e-type=\"widget\" data-widget_type=\"heading.default\">\n\t\t\t\t<div class=\"elementor-widget-container\">\n\t\t\t\t\t<h2 class=\"elementor-heading-title elementor-size-default\">\u00c0 propos du Conseil de l&#039;hydrog\u00e8ne<\/h2>\t\t\t\t<\/div>\n\t\t\t\t<\/div>\n\t\t\t\t<div class=\"elementor-element elementor-element-2fc307b elementor-widget elementor-widget-text-editor\" data-id=\"2fc307b\" data-element_type=\"widget\" data-e-type=\"widget\" data-widget_type=\"text-editor.default\">\n\t\t\t\t<div class=\"elementor-widget-container\">\n\t\t\t\t\t\t\t\t\t<div class=\"elementor-element elementor-element-c1f7b6a elementor-widget elementor-widget-text-editor\" data-id=\"c1f7b6a\" data-element_type=\"widget\" data-widget_type=\"text-editor.default\"><div class=\"elementor-widget-container\"><p>L\u2019Hydrogen Council est une initiative mondiale dirig\u00e9e par des PDG qui rassemble des entreprises de premier plan partageant une vision et une ambition communes en mati\u00e8re d\u2019hydrog\u00e8ne afin d\u2019acc\u00e9l\u00e9rer la transition \u00e9nerg\u00e9tique propre. Le Conseil s\u2019engage \u00e0 lib\u00e9rer le potentiel durable de l\u2019hydrog\u00e8ne gr\u00e2ce \u00e0 des coalitions d\u2019action, stimulant une croissance \u00e9conomique durable, cr\u00e9ant des emplois de qualit\u00e9 et apportant une valeur sociale.<\/p><p>Utilisant sa port\u00e9e mondiale pour promouvoir la collaboration entre l\u2019industrie, les gouvernements, les investisseurs et la soci\u00e9t\u00e9 civile, le Conseil fournit des informations et des pistes pour acc\u00e9l\u00e9rer le d\u00e9ploiement des \u00e9cosyst\u00e8mes d\u2019hydrog\u00e8ne dans le monde. Il soutient \u00e9galement le d\u00e9veloppement de normes internationales de s\u00e9curit\u00e9 et de durabilit\u00e9, ouvrant la voie au d\u00e9ploiement de solutions hydrog\u00e8ne fiables \u00e0 grande \u00e9chelle.<\/p><p>L&#039;Hydrogen Council rassemble un groupe diversifi\u00e9 de 140 entreprises de l&#039;Am\u00e9rique du Nord \u00e0 l&#039;Asie-Pacifique, en passant par l&#039;Europe, l&#039;Afrique et la r\u00e9gion MENA, tout au long de la cha\u00eene de valeur de l&#039;hydrog\u00e8ne, y compris de grandes multinationales, des PME innovantes et des investisseurs.<\/p><\/div><\/div><p>Pour en savoir plus visitez <a href=\"https:\/\/hydrogencouncil.com\/fr\/\">www.hydrogencouncil.com<\/a> et suivez-nous sur X (anciennement Twitter) <a href=\"https:\/\/twitter.com\/HydrogenCouncil\">@HydrogenCouncil<\/a> et <a href=\"https:\/\/www.linkedin.com\/company\/hydrogencouncil\/\">LinkedIn<\/a>.<\/p>\t\t\t\t\t\t\t\t<\/div>\n\t\t\t\t<\/div>\n\t\t\t\t\t<\/div>\n\t\t<\/div>\n\t\t\t\t\t<\/div>\n\t\t<\/section>\n\t\t\t\t<div class=\"elementor-element elementor-element-760e772 elementor-widget__width-auto elementor-absolute elementor-widget elementor-widget-image\" data-id=\"760e772\" data-element_type=\"widget\" data-e-type=\"widget\" data-settings=\"{&quot;_position&quot;:&quot;absolute&quot;}\" data-widget_type=\"image.default\">\n\t\t\t\t<div class=\"elementor-widget-container\">\n\t\t\t\t\t\t\t\t\t\t\t\t\t\t\t<img loading=\"lazy\" decoding=\"async\" width=\"363\" height=\"325\" src=\"https:\/\/hydrogencouncil.com\/wp-content\/uploads\/2022\/09\/background-pattern.svg\" class=\"attachment-medium_large size-medium_large wp-image-6039\" alt=\"\" \/>\t\t\t\t\t\t\t\t\t\t\t\t\t\t\t<\/div>\n\t\t\t\t<\/div>\n\t\t\t\t\t<\/div>\n\t\t<\/div>\n\t\t\t\t\t<\/div>\n\t\t<\/section>\n\t\t\t\t<\/div>","protected":false},"excerpt":{"rendered":"<p>To get more information about the Hydrogen Council, request an interview or be added to our media list, please email: communications@hydrogencouncil.com Linkedin Twitter Visit the Newsroom Read the latest press releases, news articles, expert insights and more. Explore News About Hydrogen Council The Hydrogen Council is a global CEO-led initiative that brings together leading companies [&hellip;]<\/p>\n","protected":false},"author":2,"featured_media":0,"parent":0,"menu_order":0,"comment_status":"closed","ping_status":"closed","template":"elementor_header_footer","meta":{"_acf_changed":false,"footnotes":""},"class_list":["post-119","page","type-page","status-publish","hentry"],"acf":[],"yoast_head":"<!-- This site is optimized with the Yoast SEO plugin v27.1.1 - https:\/\/yoast.com\/product\/yoast-seo-wordpress\/ -->\n<title>For Media | Hydrogen Council<\/title>\n<meta name=\"robots\" content=\"index, follow, max-snippet:-1, max-image-preview:large, max-video-preview:-1\" \/>\n<link rel=\"canonical\" href=\"https:\/\/hydrogencouncil.com\/fr\/for-media\/\" \/>\n<meta property=\"og:locale\" content=\"fr_FR\" \/>\n<meta property=\"og:type\" content=\"article\" \/>\n<meta property=\"og:title\" content=\"For Media | Hydrogen Council\" \/>\n<meta property=\"og:description\" content=\"To get more information about the Hydrogen Council, request an interview or be added to our media list, please email: communications@hydrogencouncil.com Linkedin Twitter Visit the Newsroom Read the latest press releases, news articles, expert insights and more. Explore News About Hydrogen Council The Hydrogen Council is a global CEO-led initiative that brings together leading companies [&hellip;]\" \/>\n<meta property=\"og:url\" content=\"https:\/\/hydrogencouncil.com\/fr\/for-media\/\" \/>\n<meta property=\"og:site_name\" content=\"Hydrogen Council\" \/>\n<meta property=\"article:modified_time\" content=\"2024-05-15T14:23:20+00:00\" \/>\n<meta property=\"og:image\" content=\"https:\/\/hydrogencouncil.com\/wp-content\/uploads\/2022\/09\/pattern.svg\" \/>\n<meta name=\"twitter:card\" content=\"summary_large_image\" \/>\n<meta name=\"twitter:label1\" content=\"Dur\u00e9e de lecture estim\u00e9e\" \/>\n\t<meta name=\"twitter:data1\" content=\"3 minutes\" \/>\n<script type=\"application\/ld+json\" class=\"yoast-schema-graph\">{\"@context\":\"https:\/\/schema.org\",\"@graph\":[{\"@type\":\"WebPage\",\"@id\":\"https:\/\/hydrogencouncil.com\/en\/for-media\/\",\"url\":\"https:\/\/hydrogencouncil.com\/en\/for-media\/\",\"name\":\"For Media | Hydrogen Council\",\"isPartOf\":{\"@id\":\"https:\/\/hydrogencouncil.com\/#website\"},\"primaryImageOfPage\":{\"@id\":\"https:\/\/hydrogencouncil.com\/en\/for-media\/#primaryimage\"},\"image\":{\"@id\":\"https:\/\/hydrogencouncil.com\/en\/for-media\/#primaryimage\"},\"thumbnailUrl\":\"https:\/\/hydrogencouncil.com\/wp-content\/uploads\/2022\/09\/pattern.svg\",\"datePublished\":\"2022-10-03T15:05:28+00:00\",\"dateModified\":\"2024-05-15T14:23:20+00:00\",\"breadcrumb\":{\"@id\":\"https:\/\/hydrogencouncil.com\/en\/for-media\/#breadcrumb\"},\"inLanguage\":\"fr-FR\",\"potentialAction\":[{\"@type\":\"ReadAction\",\"target\":[\"https:\/\/hydrogencouncil.com\/en\/for-media\/\"]}]},{\"@type\":\"ImageObject\",\"inLanguage\":\"fr-FR\",\"@id\":\"https:\/\/hydrogencouncil.com\/en\/for-media\/#primaryimage\",\"url\":\"https:\/\/hydrogencouncil.com\/wp-content\/uploads\/2022\/09\/pattern.svg\",\"contentUrl\":\"https:\/\/hydrogencouncil.com\/wp-content\/uploads\/2022\/09\/pattern.svg\"},{\"@type\":\"BreadcrumbList\",\"@id\":\"https:\/\/hydrogencouncil.com\/en\/for-media\/#breadcrumb\",\"itemListElement\":[{\"@type\":\"ListItem\",\"position\":1,\"name\":\"Home\",\"item\":\"https:\/\/hydrogencouncil.com\/\"},{\"@type\":\"ListItem\",\"position\":2,\"name\":\"For Media\"}]},{\"@type\":\"WebSite\",\"@id\":\"https:\/\/hydrogencouncil.com\/#website\",\"url\":\"https:\/\/hydrogencouncil.com\/\",\"name\":\"Hydrogen Council\",\"description\":\"A global CEO-level initiative with a united vision for hydrogen\",\"publisher\":{\"@id\":\"https:\/\/hydrogencouncil.com\/#organization\"},\"potentialAction\":[{\"@type\":\"SearchAction\",\"target\":{\"@type\":\"EntryPoint\",\"urlTemplate\":\"https:\/\/hydrogencouncil.com\/?s={search_term_string}\"},\"query-input\":{\"@type\":\"PropertyValueSpecification\",\"valueRequired\":true,\"valueName\":\"search_term_string\"}}],\"inLanguage\":\"fr-FR\"},{\"@type\":\"Organization\",\"@id\":\"https:\/\/hydrogencouncil.com\/#organization\",\"name\":\"Hydrogen Council\",\"url\":\"https:\/\/hydrogencouncil.com\/\",\"logo\":{\"@type\":\"ImageObject\",\"inLanguage\":\"fr-FR\",\"@id\":\"https:\/\/hydrogencouncil.com\/#\/schema\/logo\/image\/\",\"url\":\"https:\/\/hydrogencouncil.com\/wp-content\/uploads\/2020\/07\/Untitled-design-2.png\",\"contentUrl\":\"https:\/\/hydrogencouncil.com\/wp-content\/uploads\/2020\/07\/Untitled-design-2.png\",\"width\":1024,\"height\":512,\"caption\":\"Hydrogen Council\"},\"image\":{\"@id\":\"https:\/\/hydrogencouncil.com\/#\/schema\/logo\/image\/\"}}]}<\/script>\n<!-- \/ Yoast SEO plugin. -->","yoast_head_json":{"title":"Pour les m\u00e9dias | Conseil de l&#039;hydrog\u00e8ne","robots":{"index":"index","follow":"follow","max-snippet":"max-snippet:-1","max-image-preview":"max-image-preview:large","max-video-preview":"max-video-preview:-1"},"canonical":"https:\/\/hydrogencouncil.com\/fr\/for-media\/","og_locale":"fr_FR","og_type":"article","og_title":"For Media | Hydrogen Council","og_description":"To get more information about the Hydrogen Council, request an interview or be added to our media list, please email: communications@hydrogencouncil.com Linkedin Twitter Visit the Newsroom Read the latest press releases, news articles, expert insights and more. Explore News About Hydrogen Council The Hydrogen Council is a global CEO-led initiative that brings together leading companies [&hellip;]","og_url":"https:\/\/hydrogencouncil.com\/fr\/for-media\/","og_site_name":"Hydrogen Council","article_modified_time":"2024-05-15T14:23:20+00:00","og_image":[{"url":"https:\/\/hydrogencouncil.com\/wp-content\/uploads\/2022\/09\/pattern.svg","type":"","width":"","height":""}],"twitter_card":"summary_large_image","twitter_misc":{"Dur\u00e9e de lecture estim\u00e9e":"3 minutes"},"schema":{"@context":"https:\/\/schema.org","@graph":[{"@type":"WebPage","@id":"https:\/\/hydrogencouncil.com\/en\/for-media\/","url":"https:\/\/hydrogencouncil.com\/en\/for-media\/","name":"Pour les m\u00e9dias | Conseil de l&#039;hydrog\u00e8ne","isPartOf":{"@id":"https:\/\/hydrogencouncil.com\/#website"},"primaryImageOfPage":{"@id":"https:\/\/hydrogencouncil.com\/en\/for-media\/#primaryimage"},"image":{"@id":"https:\/\/hydrogencouncil.com\/en\/for-media\/#primaryimage"},"thumbnailUrl":"https:\/\/hydrogencouncil.com\/wp-content\/uploads\/2022\/09\/pattern.svg","datePublished":"2022-10-03T15:05:28+00:00","dateModified":"2024-05-15T14:23:20+00:00","breadcrumb":{"@id":"https:\/\/hydrogencouncil.com\/en\/for-media\/#breadcrumb"},"inLanguage":"fr-FR","potentialAction":[{"@type":"ReadAction","target":["https:\/\/hydrogencouncil.com\/en\/for-media\/"]}]},{"@type":"ImageObject","inLanguage":"fr-FR","@id":"https:\/\/hydrogencouncil.com\/en\/for-media\/#primaryimage","url":"https:\/\/hydrogencouncil.com\/wp-content\/uploads\/2022\/09\/pattern.svg","contentUrl":"https:\/\/hydrogencouncil.com\/wp-content\/uploads\/2022\/09\/pattern.svg"},{"@type":"BreadcrumbList","@id":"https:\/\/hydrogencouncil.com\/en\/for-media\/#breadcrumb","itemListElement":[{"@type":"ListItem","position":1,"name":"Home","item":"https:\/\/hydrogencouncil.com\/"},{"@type":"ListItem","position":2,"name":"For Media"}]},{"@type":"WebSite","@id":"https:\/\/hydrogencouncil.com\/#website","url":"https:\/\/hydrogencouncil.com\/","name":"Conseil Hydrog\u00e8ne","description":"Une initiative mondiale au niveau des PDG avec une vision unie de l&#039;hydrog\u00e8ne","publisher":{"@id":"https:\/\/hydrogencouncil.com\/#organization"},"potentialAction":[{"@type":"SearchAction","target":{"@type":"EntryPoint","urlTemplate":"https:\/\/hydrogencouncil.com\/?s={search_term_string}"},"query-input":{"@type":"PropertyValueSpecification","valueRequired":true,"valueName":"search_term_string"}}],"inLanguage":"fr-FR"},{"@type":"Organization","@id":"https:\/\/hydrogencouncil.com\/#organization","name":"Conseil Hydrog\u00e8ne","url":"https:\/\/hydrogencouncil.com\/","logo":{"@type":"ImageObject","inLanguage":"fr-FR","@id":"https:\/\/hydrogencouncil.com\/#\/schema\/logo\/image\/","url":"https:\/\/hydrogencouncil.com\/wp-content\/uploads\/2020\/07\/Untitled-design-2.png","contentUrl":"https:\/\/hydrogencouncil.com\/wp-content\/uploads\/2020\/07\/Untitled-design-2.png","width":1024,"height":512,"caption":"Hydrogen Council"},"image":{"@id":"https:\/\/hydrogencouncil.com\/#\/schema\/logo\/image\/"}}]}},"_links":{"self":[{"href":"https:\/\/hydrogencouncil.com\/fr\/wp-json\/wp\/v2\/pages\/119","targetHints":{"allow":["GET"]}}],"collection":[{"href":"https:\/\/hydrogencouncil.com\/fr\/wp-json\/wp\/v2\/pages"}],"about":[{"href":"https:\/\/hydrogencouncil.com\/fr\/wp-json\/wp\/v2\/types\/page"}],"author":[{"embeddable":true,"href":"https:\/\/hydrogencouncil.com\/fr\/wp-json\/wp\/v2\/users\/2"}],"replies":[{"embeddable":true,"href":"https:\/\/hydrogencouncil.com\/fr\/wp-json\/wp\/v2\/comments?post=119"}],"version-history":[{"count":46,"href":"https:\/\/hydrogencouncil.com\/fr\/wp-json\/wp\/v2\/pages\/119\/revisions"}],"predecessor-version":[{"id":13363,"href":"https:\/\/hydrogencouncil.com\/fr\/wp-json\/wp\/v2\/pages\/119\/revisions\/13363"}],"wp:attachment":[{"href":"https:\/\/hydrogencouncil.com\/fr\/wp-json\/wp\/v2\/media?parent=119"}],"curies":[{"name":"wp","href":"https:\/\/api.w.org\/{rel}","templated":true}]}}