{"id":6195,"date":"2022-10-03T16:44:29","date_gmt":"2022-10-03T16:44:29","guid":{"rendered":"https:\/\/hydrogencouncil.com\/?page_id=6195"},"modified":"2025-07-09T17:20:31","modified_gmt":"2025-07-09T15:20:31","slug":"contact","status":"publish","type":"page","link":"https:\/\/hydrogencouncil.com\/es\/contact\/","title":{"rendered":"Contacto"},"content":{"rendered":"\t\t<div data-elementor-type=\"wp-page\" data-elementor-id=\"6195\" class=\"elementor elementor-6195\" data-elementor-post-type=\"page\">\n\t\t\t\t\t\t<section class=\"elementor-section elementor-top-section elementor-element elementor-element-4ae939e elementor-section-boxed elementor-section-height-default elementor-section-height-default\" data-id=\"4ae939e\" data-element_type=\"section\" data-e-type=\"section\">\n\t\t\t\t\t\t<div class=\"elementor-container elementor-column-gap-default\">\n\t\t\t\t\t<div class=\"elementor-column elementor-col-100 elementor-top-column elementor-element elementor-element-c8ae6af\" data-id=\"c8ae6af\" data-element_type=\"column\" data-e-type=\"column\">\n\t\t\t<div class=\"elementor-widget-wrap elementor-element-populated\">\n\t\t\t\t\t\t<div class=\"elementor-element elementor-element-343d1ea elementor-widget elementor-widget-heading\" data-id=\"343d1ea\" data-element_type=\"widget\" data-e-type=\"widget\" data-widget_type=\"heading.default\">\n\t\t\t\t<div class=\"elementor-widget-container\">\n\t\t\t\t\t<h1 class=\"elementor-heading-title elementor-size-default\">Contact<\/h1>\t\t\t\t<\/div>\n\t\t\t\t<\/div>\n\t\t\t\t<div class=\"elementor-element elementor-element-2ea312f elementor-widget-divider--view-line elementor-widget elementor-widget-divider\" data-id=\"2ea312f\" data-element_type=\"widget\" data-e-type=\"widget\" data-widget_type=\"divider.default\">\n\t\t\t\t<div class=\"elementor-widget-container\">\n\t\t\t\t\t\t\t<div class=\"elementor-divider\">\n\t\t\t<span class=\"elementor-divider-separator\">\n\t\t\t\t\t\t<\/span>\n\t\t<\/div>\n\t\t\t\t\t\t<\/div>\n\t\t\t\t<\/div>\n\t\t\t\t\t<\/div>\n\t\t<\/div>\n\t\t\t\t\t<\/div>\n\t\t<\/section>\n\t\t\t\t<section class=\"elementor-section elementor-top-section elementor-element elementor-element-dcc0a01 elementor-section-boxed elementor-section-height-default elementor-section-height-default\" data-id=\"dcc0a01\" data-element_type=\"section\" data-e-type=\"section\">\n\t\t\t\t\t\t<div class=\"elementor-container elementor-column-gap-default\">\n\t\t\t\t\t<div class=\"elementor-column elementor-col-100 elementor-top-column elementor-element elementor-element-d72926a\" data-id=\"d72926a\" data-element_type=\"column\" data-e-type=\"column\">\n\t\t\t<div class=\"elementor-widget-wrap elementor-element-populated\">\n\t\t\t\t\t\t<div class=\"elementor-element elementor-element-6c41f97 elementor-widget elementor-widget-heading\" data-id=\"6c41f97\" data-element_type=\"widget\" data-e-type=\"widget\" data-widget_type=\"heading.default\">\n\t\t\t\t<div class=\"elementor-widget-container\">\n\t\t\t\t\t<h3 class=\"elementor-heading-title elementor-size-default\">For General Enquiries<\/h3>\t\t\t\t<\/div>\n\t\t\t\t<\/div>\n\t\t\t\t<div class=\"elementor-element elementor-element-b98215d elementor-widget elementor-widget-text-editor\" data-id=\"b98215d\" data-element_type=\"widget\" data-e-type=\"widget\" data-widget_type=\"text-editor.default\">\n\t\t\t\t<div class=\"elementor-widget-container\">\n\t\t\t\t\t\t\t\t\t<p>* Required Field<\/p>\t\t\t\t\t\t\t\t<\/div>\n\t\t\t\t<\/div>\n\t\t\t\t<div class=\"elementor-element elementor-element-bf14c5d elementor-button-align-start elementor-mobile-button-align-center elementor-widget elementor-widget-form\" data-id=\"bf14c5d\" data-element_type=\"widget\" data-e-type=\"widget\" data-settings=\"{&quot;step_next_label&quot;:&quot;Next&quot;,&quot;step_previous_label&quot;:&quot;Previous&quot;,&quot;step_type&quot;:&quot;number_text&quot;,&quot;step_icon_shape&quot;:&quot;circle&quot;}\" data-widget_type=\"form.default\">\n\t\t\t\t<div class=\"elementor-widget-container\">\n\t\t\t\t\t\t\t<form class=\"elementor-form\" method=\"post\" name=\"New Form\" aria-label=\"New Form\">\n\t\t\t<input type=\"hidden\" name=\"post_id\" value=\"6195\"\/>\n\t\t\t<input type=\"hidden\" name=\"form_id\" value=\"bf14c5d\"\/>\n\t\t\t<input type=\"hidden\" name=\"referer_title\" value=\"Contact | Hydrogen Council\" \/>\n\n\t\t\t\t\t\t\t<input type=\"hidden\" name=\"queried_id\" value=\"6195\"\/>\n\t\t\t\n\t\t\t<div class=\"elementor-form-fields-wrapper elementor-labels-\">\n\t\t\t\t\t\t\t\t<div class=\"elementor-field-type-text elementor-field-group elementor-column elementor-field-group-name elementor-col-100\">\n\t\t\t\t\t\t\t\t\t\t\t\t\t<input size=\"1\" type=\"text\" name=\"form_fields[name]\" id=\"form-field-name\" class=\"elementor-field elementor-size-sm  elementor-field-textual\" placeholder=\"Name*\">\n\t\t\t\t\t\t\t\t\t\t\t<\/div>\n\t\t\t\t\t\t\t\t<div class=\"elementor-field-type-email elementor-field-group elementor-column elementor-field-group-email elementor-col-100 elementor-field-required\">\n\t\t\t\t\t\t\t\t\t\t\t\t<label for=\"form-field-email\" class=\"elementor-field-label elementor-screen-only\">\n\t\t\t\t\t\t\t\tEmail\t\t\t\t\t\t\t<\/label>\n\t\t\t\t\t\t\t\t\t\t\t\t\t\t<input size=\"1\" type=\"email\" name=\"form_fields[email]\" id=\"form-field-email\" class=\"elementor-field elementor-size-sm  elementor-field-textual\" placeholder=\"Email*\" required=\"required\">\n\t\t\t\t\t\t\t\t\t\t\t<\/div>\n\t\t\t\t\t\t\t\t<div class=\"elementor-field-type-tel elementor-field-group elementor-column elementor-field-group-field_0af5087 elementor-col-50\">\n\t\t\t\t\t\t\t<input size=\"1\" type=\"tel\" name=\"form_fields[field_0af5087]\" id=\"form-field-field_0af5087\" class=\"elementor-field elementor-size-sm  elementor-field-textual\" placeholder=\"Phone\" pattern=\"[0-9()#&amp;+*-=.]+\" title=\"\u4ec5\u63a5\u53d7\u6570\u5b57\u548c\u7535\u8bdd\u5b57\u7b26\uff08#\u3001-\u3001* \u7b49\uff09\u3002\">\n\n\t\t\t\t\t\t<\/div>\n\t\t\t\t\t\t\t\t<div class=\"elementor-field-type-text elementor-field-group elementor-column elementor-field-group-field_15ccd99 elementor-col-50\">\n\t\t\t\t\t\t\t\t\t\t\t\t\t<input size=\"1\" type=\"text\" name=\"form_fields[field_15ccd99]\" id=\"form-field-field_15ccd99\" class=\"elementor-field elementor-size-sm  elementor-field-textual\" placeholder=\"Company Name\">\n\t\t\t\t\t\t\t\t\t\t\t<\/div>\n\t\t\t\t\t\t\t\t<div class=\"elementor-field-type-textarea elementor-field-group elementor-column elementor-field-group-message elementor-col-100\">\n\t\t\t\t\t<textarea class=\"elementor-field-textual elementor-field  elementor-size-sm\" name=\"form_fields[message]\" id=\"form-field-message\" rows=\"4\" placeholder=\"Message*\"><\/textarea>\t\t\t\t<\/div>\n\t\t\t\t\t\t\t\t<div class=\"elementor-field-type-recaptcha_v3 elementor-field-group elementor-column elementor-field-group-field_61a3b6c elementor-col-100 recaptcha_v3-bottomright\">\n\t\t\t\t\t<div class=\"elementor-field\" id=\"form-field-field_61a3b6c\"><div class=\"elementor-g-recaptcha\" data-sitekey=\"6LfcJV8iAAAAAI6gyeUMNA5MOUqaKIMtBNfj3oK3\" data-type=\"v3\" data-action=\"Form\" data-badge=\"bottomright\" data-size=\"invisible\"><\/div><\/div>\t\t\t\t<\/div>\n\t\t\t\t\t\t\t\t<div class=\"elementor-field-group elementor-column elementor-field-type-submit elementor-col-100 e-form__buttons\">\n\t\t\t\t\t<button class=\"elementor-button elementor-size-sm\" type=\"submit\">\n\t\t\t\t\t\t<span class=\"elementor-button-content-wrapper\">\n\t\t\t\t\t\t\t\t\t\t\t\t\t\t\t\t\t\t\t\t\t\t<span class=\"elementor-button-text\">Send<\/span>\n\t\t\t\t\t\t\t\t\t\t\t\t\t<\/span>\n\t\t\t\t\t<\/button>\n\t\t\t\t<\/div>\n\t\t\t<\/div>\n\t\t<\/form>\n\t\t\t\t\t\t<\/div>\n\t\t\t\t<\/div>\n\t\t\t\t\t<\/div>\n\t\t<\/div>\n\t\t\t\t\t<\/div>\n\t\t<\/section>\n\t\t\t\t<section class=\"elementor-section elementor-top-section elementor-element elementor-element-a5001f2 elementor-section-boxed elementor-section-height-default elementor-section-height-default\" data-id=\"a5001f2\" data-element_type=\"section\" data-e-type=\"section\" data-settings=\"{&quot;background_background&quot;:&quot;classic&quot;}\">\n\t\t\t\t\t\t<div class=\"elementor-container elementor-column-gap-default\">\n\t\t\t\t\t<div class=\"elementor-column elementor-col-50 elementor-top-column elementor-element elementor-element-34a1ded\" data-id=\"34a1ded\" data-element_type=\"column\" data-e-type=\"column\">\n\t\t\t<div class=\"elementor-widget-wrap elementor-element-populated\">\n\t\t\t\t\t\t<div class=\"elementor-element elementor-element-36992e6 elementor-widget elementor-widget-heading\" data-id=\"36992e6\" data-element_type=\"widget\" data-e-type=\"widget\" data-widget_type=\"heading.default\">\n\t\t\t\t<div class=\"elementor-widget-container\">\n\t\t\t\t\t<h2 class=\"elementor-heading-title elementor-size-default\">For Media Enquiries<\/h2>\t\t\t\t<\/div>\n\t\t\t\t<\/div>\n\t\t\t\t<div class=\"elementor-element elementor-element-9a24cf8 elementor-widget elementor-widget-text-editor\" data-id=\"9a24cf8\" data-element_type=\"widget\" data-e-type=\"widget\" data-widget_type=\"text-editor.default\">\n\t\t\t\t<div class=\"elementor-widget-container\">\n\t\t\t\t\t\t\t\t\tRequest an interview or be added to our media list.\t\t\t\t\t\t\t\t<\/div>\n\t\t\t\t<\/div>\n\t\t\t\t<div class=\"elementor-element elementor-element-774423a elementor-align-center elementor-widget elementor-widget-button\" data-id=\"774423a\" data-element_type=\"widget\" data-e-type=\"widget\" data-widget_type=\"button.default\">\n\t\t\t\t<div class=\"elementor-widget-container\">\n\t\t\t\t\t\t\t\t\t<div class=\"elementor-button-wrapper\">\n\t\t\t\t\t<a class=\"elementor-button elementor-button-link elementor-size-sm\" href=\"https:\/\/hydrogencouncil.com\/for-media\/\">\n\t\t\t\t\t\t<span class=\"elementor-button-content-wrapper\">\n\t\t\t\t\t\t\t\t\t<span class=\"elementor-button-text\">Visit For Media<\/span>\n\t\t\t\t\t<\/span>\n\t\t\t\t\t<\/a>\n\t\t\t\t<\/div>\n\t\t\t\t\t\t\t\t<\/div>\n\t\t\t\t<\/div>\n\t\t\t\t\t<\/div>\n\t\t<\/div>\n\t\t\t\t<div class=\"elementor-column elementor-col-50 elementor-top-column elementor-element elementor-element-dc015ed\" data-id=\"dc015ed\" data-element_type=\"column\" data-e-type=\"column\">\n\t\t\t<div class=\"elementor-widget-wrap elementor-element-populated\">\n\t\t\t\t\t\t<div class=\"elementor-element elementor-element-2681ed2 elementor-widget elementor-widget-heading\" data-id=\"2681ed2\" data-element_type=\"widget\" data-e-type=\"widget\" data-widget_type=\"heading.default\">\n\t\t\t\t<div class=\"elementor-widget-container\">\n\t\t\t\t\t<h2 class=\"elementor-heading-title elementor-size-default\">Follow Us<\/h2>\t\t\t\t<\/div>\n\t\t\t\t<\/div>\n\t\t\t\t<div class=\"elementor-element elementor-element-0f2ed4b elementor-shape-rounded elementor-grid-0 e-grid-align-center elementor-widget elementor-widget-social-icons\" data-id=\"0f2ed4b\" data-element_type=\"widget\" data-e-type=\"widget\" data-widget_type=\"social-icons.default\">\n\t\t\t\t<div class=\"elementor-widget-container\">\n\t\t\t\t\t\t\t<div class=\"elementor-social-icons-wrapper elementor-grid\">\n\t\t\t\t\t\t\t<span class=\"elementor-grid-item\">\n\t\t\t\t\t<a class=\"elementor-icon elementor-social-icon elementor-social-icon-linkedin elementor-repeater-item-e7ca13c\" href=\"https:\/\/www.linkedin.com\/company\/hydrogencouncil\/\" target=\"_blank\">\n\t\t\t\t\t\t<span class=\"elementor-screen-only\">Linkedin<\/span>\n\t\t\t\t\t\t<i aria-hidden=\"true\" class=\"fab fa-linkedin\"><\/i>\t\t\t\t\t<\/a>\n\t\t\t\t<\/span>\n\t\t\t\t\t<\/div>\n\t\t\t\t\t\t<\/div>\n\t\t\t\t<\/div>\n\t\t\t\t<div class=\"elementor-element elementor-element-188444a elementor-absolute elementor-widget elementor-widget-image\" data-id=\"188444a\" data-element_type=\"widget\" data-e-type=\"widget\" data-settings=\"{&quot;_position&quot;:&quot;absolute&quot;}\" data-widget_type=\"image.default\">\n\t\t\t\t<div class=\"elementor-widget-container\">\n\t\t\t\t\t\t\t\t\t\t\t\t\t\t\t<img fetchpriority=\"high\" decoding=\"async\" width=\"363\" height=\"325\" src=\"https:\/\/hydrogencouncil.com\/wp-content\/uploads\/2022\/09\/background-pattern.svg\" class=\"attachment-medium_large size-medium_large wp-image-6039\" alt=\"\" \/>\t\t\t\t\t\t\t\t\t\t\t\t\t\t\t<\/div>\n\t\t\t\t<\/div>\n\t\t\t\t\t<\/div>\n\t\t<\/div>\n\t\t\t\t\t<\/div>\n\t\t<\/section>\n\t\t\t\t<\/div>\n\t\t","protected":false},"excerpt":{"rendered":"<p>Contacto Para consultas generales * Campo obligatorio Para consultas de prensa Solicite una entrevista o agr\u00e9guenos a nuestra lista de medios. Visite Para prensa S\u00edganos en LinkedIn<\/p>","protected":false},"author":2,"featured_media":0,"parent":0,"menu_order":0,"comment_status":"closed","ping_status":"closed","template":"elementor_header_footer","meta":{"_acf_changed":false,"footnotes":""},"class_list":["post-6195","page","type-page","status-publish","hentry"],"acf":[],"yoast_head":"<!-- This site is optimized with the Yoast SEO plugin v27.1.1 - https:\/\/yoast.com\/product\/yoast-seo-wordpress\/ -->\n<title>Contact | Hydrogen Council<\/title>\n<meta name=\"robots\" content=\"index, follow, max-snippet:-1, max-image-preview:large, max-video-preview:-1\" \/>\n<link rel=\"canonical\" href=\"https:\/\/hydrogencouncil.com\/es\/contact\/\" \/>\n<meta property=\"og:locale\" content=\"es_ES\" \/>\n<meta property=\"og:type\" content=\"article\" \/>\n<meta property=\"og:title\" content=\"Contact | Hydrogen Council\" \/>\n<meta property=\"og:description\" content=\"Contact For General Enquiries * Required Field For Media Enquiries Request an interview or be added to our media list. Visit For Media Follow Us Linkedin\" \/>\n<meta property=\"og:url\" content=\"https:\/\/hydrogencouncil.com\/es\/contact\/\" \/>\n<meta property=\"og:site_name\" content=\"Hydrogen Council\" \/>\n<meta property=\"article:modified_time\" content=\"2025-07-09T15:20:31+00:00\" \/>\n<meta name=\"twitter:card\" content=\"summary_large_image\" \/>\n<meta name=\"twitter:label1\" content=\"Tiempo de lectura\" \/>\n\t<meta name=\"twitter:data1\" content=\"1 minuto\" \/>\n<script type=\"application\/ld+json\" class=\"yoast-schema-graph\">{\"@context\":\"https:\/\/schema.org\",\"@graph\":[{\"@type\":\"WebPage\",\"@id\":\"https:\/\/hydrogencouncil.com\/contact\/\",\"url\":\"https:\/\/hydrogencouncil.com\/contact\/\",\"name\":\"Contact | Hydrogen Council\",\"isPartOf\":{\"@id\":\"https:\/\/hydrogencouncil.com\/#website\"},\"primaryImageOfPage\":{\"@id\":\"https:\/\/hydrogencouncil.com\/contact\/#primaryimage\"},\"image\":{\"@id\":\"https:\/\/hydrogencouncil.com\/contact\/#primaryimage\"},\"thumbnailUrl\":\"https:\/\/hydrogencouncil.com\/wp-content\/uploads\/2022\/09\/background-pattern.svg\",\"datePublished\":\"2022-10-03T16:44:29+00:00\",\"dateModified\":\"2025-07-09T15:20:31+00:00\",\"breadcrumb\":{\"@id\":\"https:\/\/hydrogencouncil.com\/contact\/#breadcrumb\"},\"inLanguage\":\"es\",\"potentialAction\":[{\"@type\":\"ReadAction\",\"target\":[\"https:\/\/hydrogencouncil.com\/contact\/\"]}]},{\"@type\":\"ImageObject\",\"inLanguage\":\"es\",\"@id\":\"https:\/\/hydrogencouncil.com\/contact\/#primaryimage\",\"url\":\"https:\/\/hydrogencouncil.com\/wp-content\/uploads\/2022\/09\/background-pattern.svg\",\"contentUrl\":\"https:\/\/hydrogencouncil.com\/wp-content\/uploads\/2022\/09\/background-pattern.svg\"},{\"@type\":\"BreadcrumbList\",\"@id\":\"https:\/\/hydrogencouncil.com\/contact\/#breadcrumb\",\"itemListElement\":[{\"@type\":\"ListItem\",\"position\":1,\"name\":\"Home\",\"item\":\"https:\/\/hydrogencouncil.com\/\"},{\"@type\":\"ListItem\",\"position\":2,\"name\":\"Contact\"}]},{\"@type\":\"WebSite\",\"@id\":\"https:\/\/hydrogencouncil.com\/#website\",\"url\":\"https:\/\/hydrogencouncil.com\/\",\"name\":\"Hydrogen Council\",\"description\":\"A global CEO-level initiative with a united vision for hydrogen\",\"publisher\":{\"@id\":\"https:\/\/hydrogencouncil.com\/#organization\"},\"potentialAction\":[{\"@type\":\"SearchAction\",\"target\":{\"@type\":\"EntryPoint\",\"urlTemplate\":\"https:\/\/hydrogencouncil.com\/?s={search_term_string}\"},\"query-input\":{\"@type\":\"PropertyValueSpecification\",\"valueRequired\":true,\"valueName\":\"search_term_string\"}}],\"inLanguage\":\"es\"},{\"@type\":\"Organization\",\"@id\":\"https:\/\/hydrogencouncil.com\/#organization\",\"name\":\"Hydrogen Council\",\"url\":\"https:\/\/hydrogencouncil.com\/\",\"logo\":{\"@type\":\"ImageObject\",\"inLanguage\":\"es\",\"@id\":\"https:\/\/hydrogencouncil.com\/#\/schema\/logo\/image\/\",\"url\":\"https:\/\/hydrogencouncil.com\/wp-content\/uploads\/2020\/07\/Untitled-design-2.png\",\"contentUrl\":\"https:\/\/hydrogencouncil.com\/wp-content\/uploads\/2020\/07\/Untitled-design-2.png\",\"width\":1024,\"height\":512,\"caption\":\"Hydrogen Council\"},\"image\":{\"@id\":\"https:\/\/hydrogencouncil.com\/#\/schema\/logo\/image\/\"}}]}<\/script>\n<!-- \/ Yoast SEO plugin. -->","yoast_head_json":{"title":"Contacto | Consejo del Hidr\u00f3geno","robots":{"index":"index","follow":"follow","max-snippet":"max-snippet:-1","max-image-preview":"max-image-preview:large","max-video-preview":"max-video-preview:-1"},"canonical":"https:\/\/hydrogencouncil.com\/es\/contact\/","og_locale":"es_ES","og_type":"article","og_title":"Contact | Hydrogen Council","og_description":"Contact For General Enquiries * Required Field For Media Enquiries Request an interview or be added to our media list. Visit For Media Follow Us Linkedin","og_url":"https:\/\/hydrogencouncil.com\/es\/contact\/","og_site_name":"Hydrogen Council","article_modified_time":"2025-07-09T15:20:31+00:00","twitter_card":"summary_large_image","twitter_misc":{"Tiempo de lectura":"1 minuto"},"schema":{"@context":"https:\/\/schema.org","@graph":[{"@type":"WebPage","@id":"https:\/\/hydrogencouncil.com\/contact\/","url":"https:\/\/hydrogencouncil.com\/contact\/","name":"Contacto | Consejo del Hidr\u00f3geno","isPartOf":{"@id":"https:\/\/hydrogencouncil.com\/#website"},"primaryImageOfPage":{"@id":"https:\/\/hydrogencouncil.com\/contact\/#primaryimage"},"image":{"@id":"https:\/\/hydrogencouncil.com\/contact\/#primaryimage"},"thumbnailUrl":"https:\/\/hydrogencouncil.com\/wp-content\/uploads\/2022\/09\/background-pattern.svg","datePublished":"2022-10-03T16:44:29+00:00","dateModified":"2025-07-09T15:20:31+00:00","breadcrumb":{"@id":"https:\/\/hydrogencouncil.com\/contact\/#breadcrumb"},"inLanguage":"es","potentialAction":[{"@type":"ReadAction","target":["https:\/\/hydrogencouncil.com\/contact\/"]}]},{"@type":"ImageObject","inLanguage":"es","@id":"https:\/\/hydrogencouncil.com\/contact\/#primaryimage","url":"https:\/\/hydrogencouncil.com\/wp-content\/uploads\/2022\/09\/background-pattern.svg","contentUrl":"https:\/\/hydrogencouncil.com\/wp-content\/uploads\/2022\/09\/background-pattern.svg"},{"@type":"BreadcrumbList","@id":"https:\/\/hydrogencouncil.com\/contact\/#breadcrumb","itemListElement":[{"@type":"ListItem","position":1,"name":"Home","item":"https:\/\/hydrogencouncil.com\/"},{"@type":"ListItem","position":2,"name":"Contact"}]},{"@type":"WebSite","@id":"https:\/\/hydrogencouncil.com\/#website","url":"https:\/\/hydrogencouncil.com\/","name":"Consejo de Hidr\u00f3geno","description":"Una iniciativa global a nivel de CEO con una visi\u00f3n unida para el hidr\u00f3geno","publisher":{"@id":"https:\/\/hydrogencouncil.com\/#organization"},"potentialAction":[{"@type":"SearchAction","target":{"@type":"EntryPoint","urlTemplate":"https:\/\/hydrogencouncil.com\/?s={search_term_string}"},"query-input":{"@type":"PropertyValueSpecification","valueRequired":true,"valueName":"search_term_string"}}],"inLanguage":"es"},{"@type":"Organization","@id":"https:\/\/hydrogencouncil.com\/#organization","name":"Consejo de Hidr\u00f3geno","url":"https:\/\/hydrogencouncil.com\/","logo":{"@type":"ImageObject","inLanguage":"es","@id":"https:\/\/hydrogencouncil.com\/#\/schema\/logo\/image\/","url":"https:\/\/hydrogencouncil.com\/wp-content\/uploads\/2020\/07\/Untitled-design-2.png","contentUrl":"https:\/\/hydrogencouncil.com\/wp-content\/uploads\/2020\/07\/Untitled-design-2.png","width":1024,"height":512,"caption":"Hydrogen Council"},"image":{"@id":"https:\/\/hydrogencouncil.com\/#\/schema\/logo\/image\/"}}]}},"_links":{"self":[{"href":"https:\/\/hydrogencouncil.com\/es\/wp-json\/wp\/v2\/pages\/6195","targetHints":{"allow":["GET"]}}],"collection":[{"href":"https:\/\/hydrogencouncil.com\/es\/wp-json\/wp\/v2\/pages"}],"about":[{"href":"https:\/\/hydrogencouncil.com\/es\/wp-json\/wp\/v2\/types\/page"}],"author":[{"embeddable":true,"href":"https:\/\/hydrogencouncil.com\/es\/wp-json\/wp\/v2\/users\/2"}],"replies":[{"embeddable":true,"href":"https:\/\/hydrogencouncil.com\/es\/wp-json\/wp\/v2\/comments?post=6195"}],"version-history":[{"count":58,"href":"https:\/\/hydrogencouncil.com\/es\/wp-json\/wp\/v2\/pages\/6195\/revisions"}],"predecessor-version":[{"id":14838,"href":"https:\/\/hydrogencouncil.com\/es\/wp-json\/wp\/v2\/pages\/6195\/revisions\/14838"}],"wp:attachment":[{"href":"https:\/\/hydrogencouncil.com\/es\/wp-json\/wp\/v2\/media?parent=6195"}],"curies":[{"name":"gracias","href":"https:\/\/api.w.org\/{rel}","templated":true}]}}