{"id":2,"date":"2022-09-13T13:37:02","date_gmt":"2022-09-13T13:37:02","guid":{"rendered":"http:\/\/hydrogencouncil.com\/?page_id=2"},"modified":"2022-09-22T19:08:39","modified_gmt":"2022-09-22T19:08:39","slug":"sample-page","status":"publish","type":"page","link":"https:\/\/hydrogencouncil.com\/es\/sample-page\/","title":{"rendered":"P\u00e1gina de muestra"},"content":{"rendered":"<div data-elementor-type=\"wp-page\" data-elementor-id=\"2\" class=\"elementor elementor-2\" data-elementor-post-type=\"page\">\n\t\t\t\t\t\t<section class=\"elementor-section elementor-top-section elementor-element elementor-element-485fa970 elementor-section-boxed elementor-section-height-default elementor-section-height-default\" data-id=\"485fa970\" data-element_type=\"section\" data-e-type=\"section\">\n\t\t\t\t\t\t<div class=\"elementor-container elementor-column-gap-default\">\n\t\t\t\t\t<div class=\"elementor-column elementor-col-100 elementor-top-column elementor-element elementor-element-52797083\" data-id=\"52797083\" data-element_type=\"column\" data-e-type=\"column\">\n\t\t\t<div class=\"elementor-widget-wrap elementor-element-populated\">\n\t\t\t\t\t\t<div class=\"elementor-element elementor-element-9aba4ba elementor-widget elementor-widget-tp-image-factory\" data-id=\"9aba4ba\" data-element_type=\"widget\" data-e-type=\"widget\" data-widget_type=\"tp-image-factory.default\">\n\t\t\t\t<div class=\"elementor-widget-container\">\n\t\t\t\t\t<div id=\"plus69d467bbb8234\" class=\"pt-plus-animated-image-wrapper\" data-tp-gsap-creative-image=\"\" ><div class=\"animated-image-parallax\" ><div class=\"pt_plus_animated_image bg-image69d467bbb822b text-\"  > <figure class=\"\"  ><div class=\"vc_single_image-wrapper  creative-mask-media\"><img fetchpriority=\"high\" decoding=\"async\" width=\"1094\" height=\"791\" src=\"https:\/\/hydrogencouncil.com\/wp-content\/uploads\/2022\/09\/image-1.png\" class=\"attachment-full size-full wp-image-21\" alt=\"\" srcset=\"https:\/\/hydrogencouncil.com\/wp-content\/uploads\/2022\/09\/image-1.png 1094w, https:\/\/hydrogencouncil.com\/wp-content\/uploads\/2022\/09\/image-1-300x217.png 300w, https:\/\/hydrogencouncil.com\/wp-content\/uploads\/2022\/09\/image-1-1024x740.png 1024w, https:\/\/hydrogencouncil.com\/wp-content\/uploads\/2022\/09\/image-1-768x555.png 768w\" sizes=\"(max-width: 1094px) 100vw, 1094px\" \/><\/div> <\/figure> <\/div><\/div><\/div>\t\t\t\t<\/div>\n\t\t\t\t<\/div>\n\t\t\t\t<div class=\"elementor-element elementor-element-160f252 elementor-widget elementor-widget-tp-cascading-image\" data-id=\"160f252\" data-element_type=\"widget\" data-e-type=\"widget\" data-widget_type=\"tp-cascading-image.default\">\n\t\t\t\t<div class=\"elementor-widget-container\">\n\t\t\t\t\t<div class=\"pt_plus_animated_image cascading-block  wpb_single_image cascading_69d467bbb8c1d\"  data-tp-gsap-cascding-image=\"\" ><div class=\"cascading-inner-loop\"><div id=\"cascading69d467bbb8c380\" class=\"cascading-image hehe elementor-repeater-item-dc084ff img69d467bbb8c320\"  ><div class=\"cascading-image-inner\" ><div class=\"cascading-inner-content parallax-hover-1465542   not-link-content\" ><img decoding=\"async\" width=\"564\" height=\"636\" src=\"https:\/\/hydrogencouncil.com\/wp-content\/uploads\/2022\/09\/hexagon_background_325x325.png\" class=\"parallax_image\" alt=\"\" srcset=\"https:\/\/hydrogencouncil.com\/wp-content\/uploads\/2022\/09\/hexagon_background_325x325.png 564w, https:\/\/hydrogencouncil.com\/wp-content\/uploads\/2022\/09\/hexagon_background_325x325-266x300.png 266w\" sizes=\"(max-width: 564px) 100vw, 564px\" \/><\/div><\/div><\/div><div id=\"cascading69d467bbb8f191\" class=\"cascading-image hehe elementor-repeater-item-9b83617 img69d467bbb8f171\"  ><div class=\"cascading-image-inner\" ><div class=\"cascading-inner-content parallax-hover-1014244   not-link-content\" ><img decoding=\"async\" width=\"564\" height=\"636\" src=\"https:\/\/hydrogencouncil.com\/wp-content\/uploads\/2022\/09\/hexagon_background_325x325.png\" class=\"parallax_image\" alt=\"\" srcset=\"https:\/\/hydrogencouncil.com\/wp-content\/uploads\/2022\/09\/hexagon_background_325x325.png 564w, https:\/\/hydrogencouncil.com\/wp-content\/uploads\/2022\/09\/hexagon_background_325x325-266x300.png 266w\" sizes=\"(max-width: 564px) 100vw, 564px\" \/><\/div><\/div><\/div><div id=\"cascading69d467bbb8fc42\" class=\"cascading-image hehe elementor-repeater-item-8957b54 img69d467bbb8fc32\"  ><div class=\"cascading-image-inner\" ><div class=\"cascading-inner-content parallax-hover-1236842   not-link-content\" ><img decoding=\"async\" width=\"564\" height=\"636\" src=\"https:\/\/hydrogencouncil.com\/wp-content\/uploads\/2022\/09\/hexagon_background_325x325.png\" class=\"parallax_image\" alt=\"\" srcset=\"https:\/\/hydrogencouncil.com\/wp-content\/uploads\/2022\/09\/hexagon_background_325x325.png 564w, https:\/\/hydrogencouncil.com\/wp-content\/uploads\/2022\/09\/hexagon_background_325x325-266x300.png 266w\" sizes=\"(max-width: 564px) 100vw, 564px\" \/><\/div><\/div><\/div><div id=\"cascading69d467bbb904c3\" class=\"cascading-image hehe elementor-repeater-item-7064573 img69d467bbb904b3\"  ><div class=\"cascading-image-inner\" ><div class=\"cascading-inner-content parallax-hover-1287949   not-link-content  creative-mask-media\" ><img decoding=\"async\" width=\"768\" height=\"991\" src=\"https:\/\/hydrogencouncil.com\/wp-content\/uploads\/2022\/09\/Hwy_ramps-768x991.png\" class=\"parallax_image\" alt=\"\" srcset=\"https:\/\/hydrogencouncil.com\/wp-content\/uploads\/2022\/09\/Hwy_ramps-768x991.png 768w, https:\/\/hydrogencouncil.com\/wp-content\/uploads\/2022\/09\/Hwy_ramps-233x300.png 233w, https:\/\/hydrogencouncil.com\/wp-content\/uploads\/2022\/09\/Hwy_ramps-794x1024.png 794w, https:\/\/hydrogencouncil.com\/wp-content\/uploads\/2022\/09\/Hwy_ramps.png 1028w\" sizes=\"(max-width: 768px) 100vw, 768px\" \/><\/div><\/div><\/div><\/div><\/div><style>.cascading-image.img69d467bbb8c320{top:40%;bottom:auto;left:20%;right:auto;max-width:325px;margin: 0 auto;}.cascading-image.img69d467bbb8f171{top:auto;bottom:10%;left:43%;right:auto;max-width:140px;margin: 0 auto;}.cascading-image.img69d467bbb8fc32{top:2%;bottom:auto;left:36%;right:auto;max-width:250px;margin: 0 auto;}.cascading-image.img69d467bbb904b3{top:0%;bottom:auto;left:0%;right:auto;max-width:500px;margin: 0 auto;}<\/style>\t\t\t\t<\/div>\n\t\t\t\t<\/div>\n\t\t\t\t<div class=\"elementor-element elementor-element-1f1b973 elementor-widget elementor-widget-image\" data-id=\"1f1b973\" data-element_type=\"widget\" data-e-type=\"widget\" data-widget_type=\"image.default\">\n\t\t\t\t<div class=\"elementor-widget-container\">\n\t\t\t\t\t\t\t\t\t\t\t\t\t\t\t<img loading=\"lazy\" decoding=\"async\" width=\"1024\" height=\"427\" src=\"https:\/\/hydrogencouncil.com\/wp-content\/uploads\/2022\/09\/Home-1024x427.png\" class=\"attachment-large size-large wp-image-29\" alt=\"\" srcset=\"https:\/\/hydrogencouncil.com\/wp-content\/uploads\/2022\/09\/Home-1024x427.png 1024w, https:\/\/hydrogencouncil.com\/wp-content\/uploads\/2022\/09\/Home-300x125.png 300w, https:\/\/hydrogencouncil.com\/wp-content\/uploads\/2022\/09\/Home-768x320.png 768w, https:\/\/hydrogencouncil.com\/wp-content\/uploads\/2022\/09\/Home-1536x640.png 1536w, https:\/\/hydrogencouncil.com\/wp-content\/uploads\/2022\/09\/Home-2048x853.png 2048w\" sizes=\"(max-width: 1024px) 100vw, 1024px\" \/>\t\t\t\t\t\t\t\t\t\t\t\t\t\t\t<\/div>\n\t\t\t\t<\/div>\n\t\t\t\t<div class=\"elementor-element elementor-element-2ef3ced elementor-posts--thumbnail-none elementor-grid-1 elementor-grid-tablet-2 elementor-grid-mobile-1 elementor-widget elementor-widget-posts\" data-id=\"2ef3ced\" data-element_type=\"widget\" data-e-type=\"widget\" data-settings=\"{&quot;classic_columns&quot;:&quot;1&quot;,&quot;classic_row_gap&quot;:{&quot;unit&quot;:&quot;px&quot;,&quot;size&quot;:10,&quot;sizes&quot;:[]},&quot;classic_columns_tablet&quot;:&quot;2&quot;,&quot;classic_columns_mobile&quot;:&quot;1&quot;,&quot;classic_row_gap_tablet&quot;:{&quot;unit&quot;:&quot;px&quot;,&quot;size&quot;:&quot;&quot;,&quot;sizes&quot;:[]},&quot;classic_row_gap_mobile&quot;:{&quot;unit&quot;:&quot;px&quot;,&quot;size&quot;:&quot;&quot;,&quot;sizes&quot;:[]}}\" data-widget_type=\"posts.classic\">\n\t\t\t\t<div class=\"elementor-widget-container\">\n\t\t\t\t\t\t\t<div class=\"elementor-posts-container elementor-posts elementor-posts--skin-classic elementor-grid\" role=\"list\">\n\t\t\t\t<article class=\"elementor-post elementor-grid-item post-15290 post type-post status-publish format-standard has-post-thumbnail hentry category-article category-category category-europe category-europe-region-intelligence category-format category-hydrogen-in-action category-industry category-market-overview category-policy category-region category-report category-social-content category-subject-matter tag-social-content\" role=\"listitem\">\n\t\t\t\t<div class=\"elementor-post__text\">\n\t\t\t\t<h3 class=\"elementor-post__title\">\n\t\t\t<a href=\"https:\/\/hydrogencouncil.com\/es\/rebuilding-confidence-in-eu-cbam-urgent-call-to-remove-article-27a\/\" >\n\t\t\t\tReconstruir la confianza en el Acuerdo de Asociaci\u00f3n entre la UE y el Banco Central: Llamamiento urgente para eliminar el art\u00edculo 27a\t\t\t<\/a>\n\t\t<\/h3>\n\t\t\t\t<\/div>\n\t\t\t\t<\/article>\n\t\t\t\t<article class=\"elementor-post elementor-grid-item post-15246 post type-post status-publish format-standard has-post-thumbnail hentry category-asia-pacific category-category category-decarbonization category-energy-transition category-events category-format category-fuel-cells category-hydrogen-in-action category-industry category-market-overview category-members category-production category-refueling category-region category-social-content category-subject-matter category-technology category-thought-leadership category-transport category-video tag-thought-leadership\" role=\"listitem\">\n\t\t\t\t<div class=\"elementor-post__text\">\n\t\t\t\t<h3 class=\"elementor-post__title\">\n\t\t\t<a href=\"https:\/\/hydrogencouncil.com\/es\/ceo-video-series-hydrogen-mobility-in-action-at-the-hydrogen-councils-2025-global-ceo-summit\/\" >\n\t\t\t\tSerie de videos de directores ejecutivos: La movilidad del hidr\u00f3geno en acci\u00f3n en la Cumbre Mundial de Directores Ejecutivos 2025 del Consejo del Hidr\u00f3geno\t\t\t<\/a>\n\t\t<\/h3>\n\t\t\t\t<\/div>\n\t\t\t\t<\/article>\n\t\t\t\t<article class=\"elementor-post elementor-grid-item post-15205 post type-post status-publish format-standard has-post-thumbnail hentry category-media-release category-newsroom tag-media-release\" role=\"listitem\">\n\t\t\t\t<div class=\"elementor-post__text\">\n\t\t\t\t<h3 class=\"elementor-post__title\">\n\t\t\t<a href=\"https:\/\/hydrogencouncil.com\/es\/hydrogen-council-announces-new-board-composition-welcomes-baker-hughes\/\" >\n\t\t\t\tEl Consejo del Hidr\u00f3geno anuncia la nueva composici\u00f3n de su Junta Directiva y da la bienvenida a Baker Hughes\t\t\t<\/a>\n\t\t<\/h3>\n\t\t\t\t<\/div>\n\t\t\t\t<\/article>\n\t\t\t\t<\/div>\n\t\t\n\t\t\t\t\t\t<\/div>\n\t\t\t\t<\/div>\n\t\t\t\t\t<\/div>\n\t\t<\/div>\n\t\t\t\t\t<\/div>\n\t\t<\/section>\n\t\t\t\t<\/div>","protected":false},"excerpt":{"rendered":"","protected":false},"author":1,"featured_media":0,"parent":0,"menu_order":0,"comment_status":"closed","ping_status":"open","template":"","meta":{"_acf_changed":false,"footnotes":""},"class_list":["post-2","page","type-page","status-publish","hentry"],"acf":[],"yoast_head":"<!-- This site is optimized with the Yoast SEO plugin v27.1.1 - https:\/\/yoast.com\/product\/yoast-seo-wordpress\/ -->\n<title>Sample Page | Hydrogen Council<\/title>\n<meta name=\"robots\" content=\"index, follow, max-snippet:-1, max-image-preview:large, max-video-preview:-1\" \/>\n<link rel=\"canonical\" href=\"https:\/\/hydrogencouncil.com\/es\/sample-page\/\" \/>\n<meta property=\"og:locale\" content=\"es_ES\" \/>\n<meta property=\"og:type\" content=\"article\" \/>\n<meta property=\"og:title\" content=\"Sample Page | Hydrogen Council\" \/>\n<meta property=\"og:url\" content=\"https:\/\/hydrogencouncil.com\/es\/sample-page\/\" \/>\n<meta property=\"og:site_name\" content=\"Hydrogen Council\" \/>\n<meta property=\"article:modified_time\" content=\"2022-09-22T19:08:39+00:00\" \/>\n<meta property=\"og:image\" content=\"https:\/\/hydrogencouncil.com\/wp-content\/uploads\/2022\/09\/image-1.png\" \/>\n<meta name=\"twitter:card\" content=\"summary_large_image\" \/>\n<meta name=\"twitter:label1\" content=\"Tiempo de lectura\" \/>\n\t<meta name=\"twitter:data1\" content=\"2 minutos\" \/>\n<script type=\"application\/ld+json\" class=\"yoast-schema-graph\">{\"@context\":\"https:\/\/schema.org\",\"@graph\":[{\"@type\":\"WebPage\",\"@id\":\"https:\/\/hydrogencouncil.com\/sample-page\/\",\"url\":\"https:\/\/hydrogencouncil.com\/sample-page\/\",\"name\":\"Sample Page | Hydrogen Council\",\"isPartOf\":{\"@id\":\"https:\/\/hydrogencouncil.com\/#website\"},\"primaryImageOfPage\":{\"@id\":\"https:\/\/hydrogencouncil.com\/sample-page\/#primaryimage\"},\"image\":{\"@id\":\"https:\/\/hydrogencouncil.com\/sample-page\/#primaryimage\"},\"thumbnailUrl\":\"https:\/\/hydrogencouncil.com\/wp-content\/uploads\/2022\/09\/image-1.png\",\"datePublished\":\"2022-09-13T13:37:02+00:00\",\"dateModified\":\"2022-09-22T19:08:39+00:00\",\"breadcrumb\":{\"@id\":\"https:\/\/hydrogencouncil.com\/sample-page\/#breadcrumb\"},\"inLanguage\":\"es\",\"potentialAction\":[{\"@type\":\"ReadAction\",\"target\":[\"https:\/\/hydrogencouncil.com\/sample-page\/\"]}]},{\"@type\":\"ImageObject\",\"inLanguage\":\"es\",\"@id\":\"https:\/\/hydrogencouncil.com\/sample-page\/#primaryimage\",\"url\":\"https:\/\/hydrogencouncil.com\/wp-content\/uploads\/2022\/09\/image-1.png\",\"contentUrl\":\"https:\/\/hydrogencouncil.com\/wp-content\/uploads\/2022\/09\/image-1.png\"},{\"@type\":\"BreadcrumbList\",\"@id\":\"https:\/\/hydrogencouncil.com\/sample-page\/#breadcrumb\",\"itemListElement\":[{\"@type\":\"ListItem\",\"position\":1,\"name\":\"Home\",\"item\":\"https:\/\/hydrogencouncil.com\/\"},{\"@type\":\"ListItem\",\"position\":2,\"name\":\"Sample Page\"}]},{\"@type\":\"WebSite\",\"@id\":\"https:\/\/hydrogencouncil.com\/#website\",\"url\":\"https:\/\/hydrogencouncil.com\/\",\"name\":\"Hydrogen Council\",\"description\":\"A global CEO-level initiative with a united vision for hydrogen\",\"publisher\":{\"@id\":\"https:\/\/hydrogencouncil.com\/#organization\"},\"potentialAction\":[{\"@type\":\"SearchAction\",\"target\":{\"@type\":\"EntryPoint\",\"urlTemplate\":\"https:\/\/hydrogencouncil.com\/?s={search_term_string}\"},\"query-input\":{\"@type\":\"PropertyValueSpecification\",\"valueRequired\":true,\"valueName\":\"search_term_string\"}}],\"inLanguage\":\"es\"},{\"@type\":\"Organization\",\"@id\":\"https:\/\/hydrogencouncil.com\/#organization\",\"name\":\"Hydrogen Council\",\"url\":\"https:\/\/hydrogencouncil.com\/\",\"logo\":{\"@type\":\"ImageObject\",\"inLanguage\":\"es\",\"@id\":\"https:\/\/hydrogencouncil.com\/#\/schema\/logo\/image\/\",\"url\":\"https:\/\/hydrogencouncil.com\/wp-content\/uploads\/2020\/07\/Untitled-design-2.png\",\"contentUrl\":\"https:\/\/hydrogencouncil.com\/wp-content\/uploads\/2020\/07\/Untitled-design-2.png\",\"width\":1024,\"height\":512,\"caption\":\"Hydrogen Council\"},\"image\":{\"@id\":\"https:\/\/hydrogencouncil.com\/#\/schema\/logo\/image\/\"}}]}<\/script>\n<!-- \/ Yoast SEO plugin. -->","yoast_head_json":{"title":"P\u00e1gina de muestra | Consejo del Hidr\u00f3geno","robots":{"index":"index","follow":"follow","max-snippet":"max-snippet:-1","max-image-preview":"max-image-preview:large","max-video-preview":"max-video-preview:-1"},"canonical":"https:\/\/hydrogencouncil.com\/es\/sample-page\/","og_locale":"es_ES","og_type":"article","og_title":"Sample Page | Hydrogen Council","og_url":"https:\/\/hydrogencouncil.com\/es\/sample-page\/","og_site_name":"Hydrogen Council","article_modified_time":"2022-09-22T19:08:39+00:00","og_image":[{"url":"https:\/\/hydrogencouncil.com\/wp-content\/uploads\/2022\/09\/image-1.png","type":"","width":"","height":""}],"twitter_card":"summary_large_image","twitter_misc":{"Tiempo de lectura":"2 minutos"},"schema":{"@context":"https:\/\/schema.org","@graph":[{"@type":"WebPage","@id":"https:\/\/hydrogencouncil.com\/sample-page\/","url":"https:\/\/hydrogencouncil.com\/sample-page\/","name":"P\u00e1gina de muestra | Consejo del Hidr\u00f3geno","isPartOf":{"@id":"https:\/\/hydrogencouncil.com\/#website"},"primaryImageOfPage":{"@id":"https:\/\/hydrogencouncil.com\/sample-page\/#primaryimage"},"image":{"@id":"https:\/\/hydrogencouncil.com\/sample-page\/#primaryimage"},"thumbnailUrl":"https:\/\/hydrogencouncil.com\/wp-content\/uploads\/2022\/09\/image-1.png","datePublished":"2022-09-13T13:37:02+00:00","dateModified":"2022-09-22T19:08:39+00:00","breadcrumb":{"@id":"https:\/\/hydrogencouncil.com\/sample-page\/#breadcrumb"},"inLanguage":"es","potentialAction":[{"@type":"ReadAction","target":["https:\/\/hydrogencouncil.com\/sample-page\/"]}]},{"@type":"ImageObject","inLanguage":"es","@id":"https:\/\/hydrogencouncil.com\/sample-page\/#primaryimage","url":"https:\/\/hydrogencouncil.com\/wp-content\/uploads\/2022\/09\/image-1.png","contentUrl":"https:\/\/hydrogencouncil.com\/wp-content\/uploads\/2022\/09\/image-1.png"},{"@type":"BreadcrumbList","@id":"https:\/\/hydrogencouncil.com\/sample-page\/#breadcrumb","itemListElement":[{"@type":"ListItem","position":1,"name":"Home","item":"https:\/\/hydrogencouncil.com\/"},{"@type":"ListItem","position":2,"name":"Sample Page"}]},{"@type":"WebSite","@id":"https:\/\/hydrogencouncil.com\/#website","url":"https:\/\/hydrogencouncil.com\/","name":"Consejo de Hidr\u00f3geno","description":"Una iniciativa global a nivel de CEO con una visi\u00f3n unida para el hidr\u00f3geno","publisher":{"@id":"https:\/\/hydrogencouncil.com\/#organization"},"potentialAction":[{"@type":"SearchAction","target":{"@type":"EntryPoint","urlTemplate":"https:\/\/hydrogencouncil.com\/?s={search_term_string}"},"query-input":{"@type":"PropertyValueSpecification","valueRequired":true,"valueName":"search_term_string"}}],"inLanguage":"es"},{"@type":"Organization","@id":"https:\/\/hydrogencouncil.com\/#organization","name":"Consejo de Hidr\u00f3geno","url":"https:\/\/hydrogencouncil.com\/","logo":{"@type":"ImageObject","inLanguage":"es","@id":"https:\/\/hydrogencouncil.com\/#\/schema\/logo\/image\/","url":"https:\/\/hydrogencouncil.com\/wp-content\/uploads\/2020\/07\/Untitled-design-2.png","contentUrl":"https:\/\/hydrogencouncil.com\/wp-content\/uploads\/2020\/07\/Untitled-design-2.png","width":1024,"height":512,"caption":"Hydrogen Council"},"image":{"@id":"https:\/\/hydrogencouncil.com\/#\/schema\/logo\/image\/"}}]}},"_links":{"self":[{"href":"https:\/\/hydrogencouncil.com\/es\/wp-json\/wp\/v2\/pages\/2","targetHints":{"allow":["GET"]}}],"collection":[{"href":"https:\/\/hydrogencouncil.com\/es\/wp-json\/wp\/v2\/pages"}],"about":[{"href":"https:\/\/hydrogencouncil.com\/es\/wp-json\/wp\/v2\/types\/page"}],"author":[{"embeddable":true,"href":"https:\/\/hydrogencouncil.com\/es\/wp-json\/wp\/v2\/users\/1"}],"replies":[{"embeddable":true,"href":"https:\/\/hydrogencouncil.com\/es\/wp-json\/wp\/v2\/comments?post=2"}],"version-history":[{"count":13,"href":"https:\/\/hydrogencouncil.com\/es\/wp-json\/wp\/v2\/pages\/2\/revisions"}],"predecessor-version":[{"id":97,"href":"https:\/\/hydrogencouncil.com\/es\/wp-json\/wp\/v2\/pages\/2\/revisions\/97"}],"wp:attachment":[{"href":"https:\/\/hydrogencouncil.com\/es\/wp-json\/wp\/v2\/media?parent=2"}],"curies":[{"name":"gracias","href":"https:\/\/api.w.org\/{rel}","templated":true}]}}