{"id":119,"date":"2022-10-03T15:05:28","date_gmt":"2022-10-03T15:05:28","guid":{"rendered":"https:\/\/hydrogencouncil.com\/?page_id=119"},"modified":"2024-05-15T16:23:20","modified_gmt":"2024-05-15T14:23:20","slug":"for-media","status":"publish","type":"page","link":"https:\/\/hydrogencouncil.com\/es\/for-media\/","title":{"rendered":"para medios"},"content":{"rendered":"<div data-elementor-type=\"wp-page\" data-elementor-id=\"119\" class=\"elementor elementor-119\" data-elementor-post-type=\"page\">\n\t\t\t\t\t\t<section class=\"elementor-section elementor-top-section elementor-element elementor-element-da98f26 elementor-section-full_width elementor-section-height-default elementor-section-height-default\" data-id=\"da98f26\" data-element_type=\"section\" data-e-type=\"section\">\n\t\t\t\t\t\t<div class=\"elementor-container elementor-column-gap-default\">\n\t\t\t\t\t<div class=\"elementor-column elementor-col-50 elementor-top-column elementor-element elementor-element-dccc08d\" data-id=\"dccc08d\" data-element_type=\"column\" data-e-type=\"column\">\n\t\t\t<div class=\"elementor-widget-wrap elementor-element-populated\">\n\t\t\t\t\t\t<div class=\"elementor-element elementor-element-8ebb2ac elementor-widget__width-auto elementor-absolute elementor-widget elementor-widget-image\" data-id=\"8ebb2ac\" data-element_type=\"widget\" data-e-type=\"widget\" data-settings=\"{&quot;_position&quot;:&quot;absolute&quot;}\" data-widget_type=\"image.default\">\n\t\t\t\t<div class=\"elementor-widget-container\">\n\t\t\t\t\t\t\t\t\t\t\t\t\t\t\t<img fetchpriority=\"high\" decoding=\"async\" width=\"363\" height=\"325\" src=\"https:\/\/hydrogencouncil.com\/wp-content\/uploads\/2022\/09\/pattern.svg\" class=\"attachment-medium_large size-medium_large wp-image-132\" alt=\"\" \/>\t\t\t\t\t\t\t\t\t\t\t\t\t\t\t<\/div>\n\t\t\t\t<\/div>\n\t\t\t\t<section class=\"elementor-section elementor-inner-section elementor-element elementor-element-120f53c elementor-section-boxed elementor-section-height-default elementor-section-height-default\" data-id=\"120f53c\" data-element_type=\"section\" data-e-type=\"section\" id=\"For_media\">\n\t\t\t\t\t\t<div class=\"elementor-container elementor-column-gap-default\">\n\t\t\t\t\t<div class=\"elementor-column elementor-col-100 elementor-inner-column elementor-element elementor-element-f08da48\" data-id=\"f08da48\" data-element_type=\"column\" data-e-type=\"column\">\n\t\t\t<div class=\"elementor-widget-wrap elementor-element-populated\">\n\t\t\t\t\t\t<div class=\"elementor-element elementor-element-a401099 elementor-widget elementor-widget-raven-post-title\" data-id=\"a401099\" data-element_type=\"widget\" data-e-type=\"widget\" data-widget_type=\"raven-post-title.default\">\n\t\t\t\t<div class=\"elementor-widget-container\">\n\t\t\t\t\t<h1 class=\"raven-post-title\">para medios<\/h1>\t\t\t\t<\/div>\n\t\t\t\t<\/div>\n\t\t\t\t<div class=\"elementor-element elementor-element-8f8e07f elementor-widget elementor-widget-text-editor\" data-id=\"8f8e07f\" data-element_type=\"widget\" data-e-type=\"widget\" data-widget_type=\"text-editor.default\">\n\t\t\t\t<div class=\"elementor-widget-container\">\n\t\t\t\t\t\t\t\t\t<p>Para obtener m\u00e1s informaci\u00f3n sobre el Hydrogen Council, solicitar una entrevista o ser agregado a nuestra lista de medios, env\u00ede un correo electr\u00f3nico a: <a href=\"mailto:communications@hydrogencouncil.com\">communications@hydrogencouncil.com<\/a><\/p>\t\t\t\t\t\t\t\t<\/div>\n\t\t\t\t<\/div>\n\t\t\t\t<div class=\"elementor-element elementor-element-4c4c23e e-grid-align-left elementor-shape-rounded elementor-grid-0 elementor-widget elementor-widget-social-icons\" data-id=\"4c4c23e\" data-element_type=\"widget\" data-e-type=\"widget\" data-widget_type=\"social-icons.default\">\n\t\t\t\t<div class=\"elementor-widget-container\">\n\t\t\t\t\t\t\t<div class=\"elementor-social-icons-wrapper elementor-grid\" role=\"list\">\n\t\t\t\t\t\t\t<span class=\"elementor-grid-item\" role=\"listitem\">\n\t\t\t\t\t<a class=\"elementor-icon elementor-social-icon elementor-social-icon-linkedin elementor-repeater-item-e7ca13c\" href=\"https:\/\/www.linkedin.com\/company\/hydrogencouncil\/\" target=\"_blank\">\n\t\t\t\t\t\t<span class=\"elementor-screen-only\">LinkedIn<\/span>\n\t\t\t\t\t\t<i aria-hidden=\"true\" class=\"fab fa-linkedin\"><\/i>\t\t\t\t\t<\/a>\n\t\t\t\t<\/span>\n\t\t\t\t\t\t\t<span class=\"elementor-grid-item\" role=\"listitem\">\n\t\t\t\t\t<a class=\"elementor-icon elementor-social-icon elementor-social-icon-twitter elementor-repeater-item-4e172c5\" href=\"https:\/\/twitter.com\/HydrogenCouncil\" target=\"_blank\">\n\t\t\t\t\t\t<span class=\"elementor-screen-only\">Gorjeo<\/span>\n\t\t\t\t\t\t<i aria-hidden=\"true\" class=\"fab fa-twitter\"><\/i>\t\t\t\t\t<\/a>\n\t\t\t\t<\/span>\n\t\t\t\t\t<\/div>\n\t\t\t\t\t\t<\/div>\n\t\t\t\t<\/div>\n\t\t\t\t\t<\/div>\n\t\t<\/div>\n\t\t\t\t\t<\/div>\n\t\t<\/section>\n\t\t\t\t\t<\/div>\n\t\t<\/div>\n\t\t\t\t<div class=\"elementor-column elementor-col-50 elementor-top-column elementor-element elementor-element-c6f6b22\" data-id=\"c6f6b22\" data-element_type=\"column\" data-e-type=\"column\">\n\t\t\t<div class=\"elementor-widget-wrap elementor-element-populated\">\n\t\t\t\t\t\t<div class=\"elementor-element elementor-element-3f76787 elementor-widget elementor-widget-tp-cascading-image\" data-id=\"3f76787\" data-element_type=\"widget\" data-e-type=\"widget\" data-widget_type=\"tp-cascading-image.default\">\n\t\t\t\t<div class=\"elementor-widget-container\">\n\t\t\t\t\t<div class=\"pt_plus_animated_image cascading-block  wpb_single_image cascading_69e43588d0bec\"  data-tp-gsap-cascding-image=\"\" ><div class=\"cascading-inner-loop\"><div id=\"cascading69e43588d0c190\" class=\"cascading-image hehe elementor-repeater-item-fa7c20f img69e43588d0c180   magic-scroll\"  ><div class=\"cascading-image-inner  parallax-scroll\"  data-scroll_type=\"position\"  data-scroll_offset=\"0\"  data-scroll_duration=\"300\"  data-scroll_x_from=\"10\"  data-scroll_x_to=\"0\"  data-scroll_y_from=\"50\"  data-scroll_y_to=\"-50\"  data-scroll_opacity_from=\"1\"  data-scroll_opacity_to=\"1\"  data-scroll_scale_from=\"1\"  data-scroll_scale_to=\"1\"  data-scroll_rotate_from=\"0\"  data-scroll_rotate_to=\"0\" ><div class=\"cascading-inner-content parallax-hover-1406172   not-link-content\" ><img decoding=\"async\" width=\"363\" height=\"325\" src=\"https:\/\/hydrogencouncil.com\/wp-content\/uploads\/2022\/09\/background-pattern.svg\" class=\"parallax_image\" alt=\"\" \/><\/div><\/div><\/div><div id=\"cascading69e43588d0f6c1\" class=\"cascading-image hehe elementor-repeater-item-d2f0c5d img69e43588d0f691   magic-scroll\"  ><div class=\"cascading-image-inner  parallax-scroll\"  data-scroll_type=\"position\"  data-scroll_offset=\"0\"  data-scroll_duration=\"300\"  data-scroll_x_from=\"5\"  data-scroll_x_to=\"0\"  data-scroll_y_from=\"10\"  data-scroll_y_to=\"-50\"  data-scroll_opacity_from=\"1\"  data-scroll_opacity_to=\"1\"  data-scroll_scale_from=\"1\"  data-scroll_scale_to=\"1\"  data-scroll_rotate_from=\"0\"  data-scroll_rotate_to=\"0\" ><div class=\"cascading-inner-content parallax-hover-1191388   not-link-content\" ><img decoding=\"async\" width=\"218\" height=\"244\" src=\"https:\/\/hydrogencouncil.com\/wp-content\/uploads\/2022\/09\/background-2.svg\" class=\"parallax_image\" alt=\"\" \/><\/div><\/div><\/div><\/div><\/div><style>.cascading-image.img69e43588d0c180{top:auto;bottom:0%;left:-17%;right:auto;max-width:250px;margin: 0 auto;}@media (min-width:601px) and (max-width:990px){.cascading-image.img69e43588d0c180{top:auto;bottom:10%;left:-5%;right:auto;max-width:150px;margin: 0 auto;}}.cascading-image.img69e43588d0f691{top:0%;bottom:auto;left:-20%;right:auto;max-width:180px;margin: 0 auto;}@media (min-width:601px) and (max-width:990px){.cascading-image.img69e43588d0f691{top:0%;bottom:auto;left:-5%;right:auto;max-width:150px;margin: 0 auto;}}<\/style>\t\t\t\t<\/div>\n\t\t\t\t<\/div>\n\t\t\t\t<div class=\"elementor-element elementor-element-5abc2f6 elementor-absolute elementor-widget elementor-widget-image\" data-id=\"5abc2f6\" data-element_type=\"widget\" data-e-type=\"widget\" data-settings=\"{&quot;_position&quot;:&quot;absolute&quot;}\" data-widget_type=\"image.default\">\n\t\t\t\t<div class=\"elementor-widget-container\">\n\t\t\t\t\t\t\t\t\t\t\t\t\t\t\t<img loading=\"lazy\" decoding=\"async\" width=\"768\" height=\"924\" src=\"https:\/\/hydrogencouncil.com\/wp-content\/uploads\/2022\/10\/AdobeStock_412778624_Preview-1-768x924.png\" class=\"attachment-medium_large size-medium_large wp-image-6122\" alt=\"\" srcset=\"https:\/\/hydrogencouncil.com\/wp-content\/uploads\/2022\/10\/AdobeStock_412778624_Preview-1-768x924.png 768w, https:\/\/hydrogencouncil.com\/wp-content\/uploads\/2022\/10\/AdobeStock_412778624_Preview-1-249x300.png 249w, https:\/\/hydrogencouncil.com\/wp-content\/uploads\/2022\/10\/AdobeStock_412778624_Preview-1.png 812w\" sizes=\"(max-width: 768px) 100vw, 768px\" \/>\t\t\t\t\t\t\t\t\t\t\t\t\t\t\t<\/div>\n\t\t\t\t<\/div>\n\t\t\t\t\t<\/div>\n\t\t<\/div>\n\t\t\t\t\t<\/div>\n\t\t<\/section>\n\t\t\t\t<section class=\"elementor-section elementor-top-section elementor-element elementor-element-bc8cd52 elementor-section-boxed elementor-section-height-default elementor-section-height-default\" data-id=\"bc8cd52\" data-element_type=\"section\" data-e-type=\"section\">\n\t\t\t\t\t\t<div class=\"elementor-container elementor-column-gap-default\">\n\t\t\t\t\t<div class=\"elementor-column elementor-col-100 elementor-top-column elementor-element elementor-element-c6ecb01\" data-id=\"c6ecb01\" data-element_type=\"column\" data-e-type=\"column\">\n\t\t\t<div class=\"elementor-widget-wrap elementor-element-populated\">\n\t\t\t\t\t\t<div class=\"elementor-element elementor-element-afcb47b elementor-widget elementor-widget-image\" data-id=\"afcb47b\" data-element_type=\"widget\" data-e-type=\"widget\" data-widget_type=\"image.default\">\n\t\t\t\t<div class=\"elementor-widget-container\">\n\t\t\t\t\t\t\t\t\t\t\t\t\t\t\t<img decoding=\"async\" src=\"https:\/\/hydrogencouncil.com\/wp-content\/uploads\/elementor\/thumbs\/AdobeStock_315474887_Preview-1-pw2ww2maysqer02z3o4v9af0mwjq9le4czua4hhq80.png\" title=\"AdobeStock_315474887_Vista previa 1\" alt=\"AdobeStock_315474887_Preview 1\" loading=\"lazy\" \/>\t\t\t\t\t\t\t\t\t\t\t\t\t\t\t<\/div>\n\t\t\t\t<\/div>\n\t\t\t\t<div class=\"elementor-element elementor-element-9be1c06 elementor-widget elementor-widget-heading\" data-id=\"9be1c06\" data-element_type=\"widget\" data-e-type=\"widget\" data-widget_type=\"heading.default\">\n\t\t\t\t<div class=\"elementor-widget-container\">\n\t\t\t\t\t<h2 class=\"elementor-heading-title elementor-size-default\"><span style=\"color:var( --e-global-color-text)\">Visita el<\/span> sala de prensa<\/h2>\t\t\t\t<\/div>\n\t\t\t\t<\/div>\n\t\t\t\t<div class=\"elementor-element elementor-element-65fe8d7 elementor-widget-divider--view-line elementor-widget elementor-widget-divider\" data-id=\"65fe8d7\" data-element_type=\"widget\" data-e-type=\"widget\" data-widget_type=\"divider.default\">\n\t\t\t\t<div class=\"elementor-widget-container\">\n\t\t\t\t\t\t\t<div class=\"elementor-divider\">\n\t\t\t<span class=\"elementor-divider-separator\">\n\t\t\t\t\t\t<\/span>\n\t\t<\/div>\n\t\t\t\t\t\t<\/div>\n\t\t\t\t<\/div>\n\t\t\t\t<div class=\"elementor-element elementor-element-95e8b2a elementor-widget elementor-widget-text-editor\" data-id=\"95e8b2a\" data-element_type=\"widget\" data-e-type=\"widget\" data-widget_type=\"text-editor.default\">\n\t\t\t\t<div class=\"elementor-widget-container\">\n\t\t\t\t\t\t\t\t\t<p>Lea los \u00faltimos comunicados de prensa, art\u00edculos de noticias, opiniones de expertos y m\u00e1s.<\/p>\t\t\t\t\t\t\t\t<\/div>\n\t\t\t\t<\/div>\n\t\t\t\t<div class=\"elementor-element elementor-element-39f577d elementor-align-center elementor-widget elementor-widget-button\" data-id=\"39f577d\" data-element_type=\"widget\" data-e-type=\"widget\" data-widget_type=\"button.default\">\n\t\t\t\t<div class=\"elementor-widget-container\">\n\t\t\t\t\t\t\t\t\t<div class=\"elementor-button-wrapper\">\n\t\t\t\t\t<a class=\"elementor-button elementor-button-link elementor-size-sm\" href=\"https:\/\/hydrogencouncil.com\/es\/newsroom\/\">\n\t\t\t\t\t\t<span class=\"elementor-button-content-wrapper\">\n\t\t\t\t\t\t\t\t\t<span class=\"elementor-button-text\">Explorar Noticias<\/span>\n\t\t\t\t\t<\/span>\n\t\t\t\t\t<\/a>\n\t\t\t\t<\/div>\n\t\t\t\t\t\t\t\t<\/div>\n\t\t\t\t<\/div>\n\t\t\t\t\t<\/div>\n\t\t<\/div>\n\t\t\t\t\t<\/div>\n\t\t<\/section>\n\t\t\t\t<section class=\"elementor-section elementor-top-section elementor-element elementor-element-5e1a5fd elementor-section-full_width elementor-section-height-default elementor-section-height-default\" data-id=\"5e1a5fd\" data-element_type=\"section\" data-e-type=\"section\">\n\t\t\t\t\t\t<div class=\"elementor-container elementor-column-gap-default\">\n\t\t\t\t\t<div class=\"elementor-column elementor-col-100 elementor-top-column elementor-element elementor-element-3ecbc77\" data-id=\"3ecbc77\" data-element_type=\"column\" data-e-type=\"column\">\n\t\t\t<div class=\"elementor-widget-wrap elementor-element-populated\">\n\t\t\t\t\t\t<div class=\"elementor-element elementor-element-ab08629 elementor-widget-divider--view-line elementor-widget elementor-widget-divider\" data-id=\"ab08629\" data-element_type=\"widget\" data-e-type=\"widget\" data-widget_type=\"divider.default\">\n\t\t\t\t<div class=\"elementor-widget-container\">\n\t\t\t\t\t\t\t<div class=\"elementor-divider\">\n\t\t\t<span class=\"elementor-divider-separator\">\n\t\t\t\t\t\t<\/span>\n\t\t<\/div>\n\t\t\t\t\t\t<\/div>\n\t\t\t\t<\/div>\n\t\t\t\t<section class=\"elementor-section elementor-inner-section elementor-element elementor-element-1038780 elementor-section-boxed elementor-section-height-default elementor-section-height-default\" data-id=\"1038780\" data-element_type=\"section\" data-e-type=\"section\">\n\t\t\t\t\t\t<div class=\"elementor-container elementor-column-gap-default\">\n\t\t\t\t\t<div class=\"elementor-column elementor-col-100 elementor-inner-column elementor-element elementor-element-706e582\" data-id=\"706e582\" data-element_type=\"column\" data-e-type=\"column\">\n\t\t\t<div class=\"elementor-widget-wrap elementor-element-populated\">\n\t\t\t\t\t\t<div class=\"elementor-element elementor-element-bcccbff elementor-widget elementor-widget-heading\" data-id=\"bcccbff\" data-element_type=\"widget\" data-e-type=\"widget\" data-widget_type=\"heading.default\">\n\t\t\t\t<div class=\"elementor-widget-container\">\n\t\t\t\t\t<h2 class=\"elementor-heading-title elementor-size-default\">Acerca del Consejo de Hidr\u00f3geno<\/h2>\t\t\t\t<\/div>\n\t\t\t\t<\/div>\n\t\t\t\t<div class=\"elementor-element elementor-element-2fc307b elementor-widget elementor-widget-text-editor\" data-id=\"2fc307b\" data-element_type=\"widget\" data-e-type=\"widget\" data-widget_type=\"text-editor.default\">\n\t\t\t\t<div class=\"elementor-widget-container\">\n\t\t\t\t\t\t\t\t\t<div class=\"elementor-element elementor-element-c1f7b6a elementor-widget elementor-widget-text-editor\" data-id=\"c1f7b6a\" data-element_type=\"widget\" data-widget_type=\"text-editor.default\"><div class=\"elementor-widget-container\"><p>El Consejo del Hidr\u00f3geno es una iniciativa global liderada por directores ejecutivos que re\u00fane a empresas l\u00edderes con una visi\u00f3n y ambici\u00f3n unidas para que el hidr\u00f3geno acelere la transici\u00f3n a la energ\u00eda limpia. El Consejo se compromete a desbloquear el potencial de sostenibilidad del hidr\u00f3geno a trav\u00e9s de coaliciones para la acci\u00f3n, impulsar el crecimiento econ\u00f3mico sostenible, crear empleos de calidad y generar valor social.<\/p><p>Utilizando su alcance global para promover la colaboraci\u00f3n entre la industria, los gobiernos, los inversores y la sociedad civil, el Consejo proporciona informaci\u00f3n y v\u00edas para acelerar el despliegue de ecosistemas de hidr\u00f3geno en todo el mundo. Tambi\u00e9n apoya el desarrollo de est\u00e1ndares internacionales de seguridad y sostenibilidad, allanando el camino para el despliegue de soluciones confiables de hidr\u00f3geno a escala.<\/p><p>El Consejo del Hidr\u00f3geno re\u00fane a un grupo diverso de 140 empresas desde Am\u00e9rica del Norte hasta Asia-Pac\u00edfico, Europa, \u00c1frica y la regi\u00f3n MENA, a lo largo de toda la cadena de valor del hidr\u00f3geno, incluidas grandes multinacionales, pymes innovadoras e inversores.<\/p><\/div><\/div><p>Para saber m\u00e1s visita <a href=\"https:\/\/hydrogencouncil.com\/es\/\">www.hydrogencouncil.com<\/a> y s\u00edguenos en X (antes Twitter) <a href=\"https:\/\/twitter.com\/HydrogenCouncil\">@ConsejoHidr\u00f3geno<\/a> y <a href=\"https:\/\/www.linkedin.com\/company\/hydrogencouncil\/\">LinkedIn<\/a>.<\/p>\t\t\t\t\t\t\t\t<\/div>\n\t\t\t\t<\/div>\n\t\t\t\t\t<\/div>\n\t\t<\/div>\n\t\t\t\t\t<\/div>\n\t\t<\/section>\n\t\t\t\t<div class=\"elementor-element elementor-element-760e772 elementor-widget__width-auto elementor-absolute elementor-widget elementor-widget-image\" data-id=\"760e772\" data-element_type=\"widget\" data-e-type=\"widget\" data-settings=\"{&quot;_position&quot;:&quot;absolute&quot;}\" data-widget_type=\"image.default\">\n\t\t\t\t<div class=\"elementor-widget-container\">\n\t\t\t\t\t\t\t\t\t\t\t\t\t\t\t<img loading=\"lazy\" decoding=\"async\" width=\"363\" height=\"325\" src=\"https:\/\/hydrogencouncil.com\/wp-content\/uploads\/2022\/09\/background-pattern.svg\" class=\"attachment-medium_large size-medium_large wp-image-6039\" alt=\"\" \/>\t\t\t\t\t\t\t\t\t\t\t\t\t\t\t<\/div>\n\t\t\t\t<\/div>\n\t\t\t\t\t<\/div>\n\t\t<\/div>\n\t\t\t\t\t<\/div>\n\t\t<\/section>\n\t\t\t\t<\/div>","protected":false},"excerpt":{"rendered":"<p>To get more information about the Hydrogen Council, request an interview or be added to our media list, please email: communications@hydrogencouncil.com Linkedin Twitter Visit the Newsroom Read the latest press releases, news articles, expert insights and more. Explore News About Hydrogen Council The Hydrogen Council is a global CEO-led initiative that brings together leading companies [&hellip;]<\/p>\n","protected":false},"author":2,"featured_media":0,"parent":0,"menu_order":0,"comment_status":"closed","ping_status":"closed","template":"elementor_header_footer","meta":{"_acf_changed":false,"footnotes":""},"class_list":["post-119","page","type-page","status-publish","hentry"],"acf":[],"yoast_head":"<!-- This site is optimized with the Yoast SEO plugin v27.1.1 - https:\/\/yoast.com\/product\/yoast-seo-wordpress\/ -->\n<title>For Media | Hydrogen Council<\/title>\n<meta name=\"robots\" content=\"index, follow, max-snippet:-1, max-image-preview:large, max-video-preview:-1\" \/>\n<link rel=\"canonical\" href=\"https:\/\/hydrogencouncil.com\/es\/for-media\/\" \/>\n<meta property=\"og:locale\" content=\"es_ES\" \/>\n<meta property=\"og:type\" content=\"article\" \/>\n<meta property=\"og:title\" content=\"For Media | Hydrogen Council\" \/>\n<meta property=\"og:description\" content=\"To get more information about the Hydrogen Council, request an interview or be added to our media list, please email: communications@hydrogencouncil.com Linkedin Twitter Visit the Newsroom Read the latest press releases, news articles, expert insights and more. Explore News About Hydrogen Council The Hydrogen Council is a global CEO-led initiative that brings together leading companies [&hellip;]\" \/>\n<meta property=\"og:url\" content=\"https:\/\/hydrogencouncil.com\/es\/for-media\/\" \/>\n<meta property=\"og:site_name\" content=\"Hydrogen Council\" \/>\n<meta property=\"article:modified_time\" content=\"2024-05-15T14:23:20+00:00\" \/>\n<meta property=\"og:image\" content=\"https:\/\/hydrogencouncil.com\/wp-content\/uploads\/2022\/09\/pattern.svg\" \/>\n<meta name=\"twitter:card\" content=\"summary_large_image\" \/>\n<meta name=\"twitter:label1\" content=\"Tiempo de lectura\" \/>\n\t<meta name=\"twitter:data1\" content=\"3 minutos\" \/>\n<script type=\"application\/ld+json\" class=\"yoast-schema-graph\">{\"@context\":\"https:\/\/schema.org\",\"@graph\":[{\"@type\":\"WebPage\",\"@id\":\"https:\/\/hydrogencouncil.com\/en\/for-media\/\",\"url\":\"https:\/\/hydrogencouncil.com\/en\/for-media\/\",\"name\":\"For Media | Hydrogen Council\",\"isPartOf\":{\"@id\":\"https:\/\/hydrogencouncil.com\/#website\"},\"primaryImageOfPage\":{\"@id\":\"https:\/\/hydrogencouncil.com\/en\/for-media\/#primaryimage\"},\"image\":{\"@id\":\"https:\/\/hydrogencouncil.com\/en\/for-media\/#primaryimage\"},\"thumbnailUrl\":\"https:\/\/hydrogencouncil.com\/wp-content\/uploads\/2022\/09\/pattern.svg\",\"datePublished\":\"2022-10-03T15:05:28+00:00\",\"dateModified\":\"2024-05-15T14:23:20+00:00\",\"breadcrumb\":{\"@id\":\"https:\/\/hydrogencouncil.com\/en\/for-media\/#breadcrumb\"},\"inLanguage\":\"es\",\"potentialAction\":[{\"@type\":\"ReadAction\",\"target\":[\"https:\/\/hydrogencouncil.com\/en\/for-media\/\"]}]},{\"@type\":\"ImageObject\",\"inLanguage\":\"es\",\"@id\":\"https:\/\/hydrogencouncil.com\/en\/for-media\/#primaryimage\",\"url\":\"https:\/\/hydrogencouncil.com\/wp-content\/uploads\/2022\/09\/pattern.svg\",\"contentUrl\":\"https:\/\/hydrogencouncil.com\/wp-content\/uploads\/2022\/09\/pattern.svg\"},{\"@type\":\"BreadcrumbList\",\"@id\":\"https:\/\/hydrogencouncil.com\/en\/for-media\/#breadcrumb\",\"itemListElement\":[{\"@type\":\"ListItem\",\"position\":1,\"name\":\"Home\",\"item\":\"https:\/\/hydrogencouncil.com\/\"},{\"@type\":\"ListItem\",\"position\":2,\"name\":\"For Media\"}]},{\"@type\":\"WebSite\",\"@id\":\"https:\/\/hydrogencouncil.com\/#website\",\"url\":\"https:\/\/hydrogencouncil.com\/\",\"name\":\"Hydrogen Council\",\"description\":\"A global CEO-level initiative with a united vision for hydrogen\",\"publisher\":{\"@id\":\"https:\/\/hydrogencouncil.com\/#organization\"},\"potentialAction\":[{\"@type\":\"SearchAction\",\"target\":{\"@type\":\"EntryPoint\",\"urlTemplate\":\"https:\/\/hydrogencouncil.com\/?s={search_term_string}\"},\"query-input\":{\"@type\":\"PropertyValueSpecification\",\"valueRequired\":true,\"valueName\":\"search_term_string\"}}],\"inLanguage\":\"es\"},{\"@type\":\"Organization\",\"@id\":\"https:\/\/hydrogencouncil.com\/#organization\",\"name\":\"Hydrogen Council\",\"url\":\"https:\/\/hydrogencouncil.com\/\",\"logo\":{\"@type\":\"ImageObject\",\"inLanguage\":\"es\",\"@id\":\"https:\/\/hydrogencouncil.com\/#\/schema\/logo\/image\/\",\"url\":\"https:\/\/hydrogencouncil.com\/wp-content\/uploads\/2020\/07\/Untitled-design-2.png\",\"contentUrl\":\"https:\/\/hydrogencouncil.com\/wp-content\/uploads\/2020\/07\/Untitled-design-2.png\",\"width\":1024,\"height\":512,\"caption\":\"Hydrogen Council\"},\"image\":{\"@id\":\"https:\/\/hydrogencouncil.com\/#\/schema\/logo\/image\/\"}}]}<\/script>\n<!-- \/ Yoast SEO plugin. -->","yoast_head_json":{"title":"Para los medios | Consejo del Hidr\u00f3geno","robots":{"index":"index","follow":"follow","max-snippet":"max-snippet:-1","max-image-preview":"max-image-preview:large","max-video-preview":"max-video-preview:-1"},"canonical":"https:\/\/hydrogencouncil.com\/es\/for-media\/","og_locale":"es_ES","og_type":"article","og_title":"For Media | Hydrogen Council","og_description":"To get more information about the Hydrogen Council, request an interview or be added to our media list, please email: communications@hydrogencouncil.com Linkedin Twitter Visit the Newsroom Read the latest press releases, news articles, expert insights and more. Explore News About Hydrogen Council The Hydrogen Council is a global CEO-led initiative that brings together leading companies [&hellip;]","og_url":"https:\/\/hydrogencouncil.com\/es\/for-media\/","og_site_name":"Hydrogen Council","article_modified_time":"2024-05-15T14:23:20+00:00","og_image":[{"url":"https:\/\/hydrogencouncil.com\/wp-content\/uploads\/2022\/09\/pattern.svg","type":"","width":"","height":""}],"twitter_card":"summary_large_image","twitter_misc":{"Tiempo de lectura":"3 minutos"},"schema":{"@context":"https:\/\/schema.org","@graph":[{"@type":"WebPage","@id":"https:\/\/hydrogencouncil.com\/en\/for-media\/","url":"https:\/\/hydrogencouncil.com\/en\/for-media\/","name":"Para los medios | Consejo del Hidr\u00f3geno","isPartOf":{"@id":"https:\/\/hydrogencouncil.com\/#website"},"primaryImageOfPage":{"@id":"https:\/\/hydrogencouncil.com\/en\/for-media\/#primaryimage"},"image":{"@id":"https:\/\/hydrogencouncil.com\/en\/for-media\/#primaryimage"},"thumbnailUrl":"https:\/\/hydrogencouncil.com\/wp-content\/uploads\/2022\/09\/pattern.svg","datePublished":"2022-10-03T15:05:28+00:00","dateModified":"2024-05-15T14:23:20+00:00","breadcrumb":{"@id":"https:\/\/hydrogencouncil.com\/en\/for-media\/#breadcrumb"},"inLanguage":"es","potentialAction":[{"@type":"ReadAction","target":["https:\/\/hydrogencouncil.com\/en\/for-media\/"]}]},{"@type":"ImageObject","inLanguage":"es","@id":"https:\/\/hydrogencouncil.com\/en\/for-media\/#primaryimage","url":"https:\/\/hydrogencouncil.com\/wp-content\/uploads\/2022\/09\/pattern.svg","contentUrl":"https:\/\/hydrogencouncil.com\/wp-content\/uploads\/2022\/09\/pattern.svg"},{"@type":"BreadcrumbList","@id":"https:\/\/hydrogencouncil.com\/en\/for-media\/#breadcrumb","itemListElement":[{"@type":"ListItem","position":1,"name":"Home","item":"https:\/\/hydrogencouncil.com\/"},{"@type":"ListItem","position":2,"name":"For Media"}]},{"@type":"WebSite","@id":"https:\/\/hydrogencouncil.com\/#website","url":"https:\/\/hydrogencouncil.com\/","name":"Consejo de Hidr\u00f3geno","description":"Una iniciativa global a nivel de CEO con una visi\u00f3n unida para el hidr\u00f3geno","publisher":{"@id":"https:\/\/hydrogencouncil.com\/#organization"},"potentialAction":[{"@type":"SearchAction","target":{"@type":"EntryPoint","urlTemplate":"https:\/\/hydrogencouncil.com\/?s={search_term_string}"},"query-input":{"@type":"PropertyValueSpecification","valueRequired":true,"valueName":"search_term_string"}}],"inLanguage":"es"},{"@type":"Organization","@id":"https:\/\/hydrogencouncil.com\/#organization","name":"Consejo de Hidr\u00f3geno","url":"https:\/\/hydrogencouncil.com\/","logo":{"@type":"ImageObject","inLanguage":"es","@id":"https:\/\/hydrogencouncil.com\/#\/schema\/logo\/image\/","url":"https:\/\/hydrogencouncil.com\/wp-content\/uploads\/2020\/07\/Untitled-design-2.png","contentUrl":"https:\/\/hydrogencouncil.com\/wp-content\/uploads\/2020\/07\/Untitled-design-2.png","width":1024,"height":512,"caption":"Hydrogen Council"},"image":{"@id":"https:\/\/hydrogencouncil.com\/#\/schema\/logo\/image\/"}}]}},"_links":{"self":[{"href":"https:\/\/hydrogencouncil.com\/es\/wp-json\/wp\/v2\/pages\/119","targetHints":{"allow":["GET"]}}],"collection":[{"href":"https:\/\/hydrogencouncil.com\/es\/wp-json\/wp\/v2\/pages"}],"about":[{"href":"https:\/\/hydrogencouncil.com\/es\/wp-json\/wp\/v2\/types\/page"}],"author":[{"embeddable":true,"href":"https:\/\/hydrogencouncil.com\/es\/wp-json\/wp\/v2\/users\/2"}],"replies":[{"embeddable":true,"href":"https:\/\/hydrogencouncil.com\/es\/wp-json\/wp\/v2\/comments?post=119"}],"version-history":[{"count":46,"href":"https:\/\/hydrogencouncil.com\/es\/wp-json\/wp\/v2\/pages\/119\/revisions"}],"predecessor-version":[{"id":13363,"href":"https:\/\/hydrogencouncil.com\/es\/wp-json\/wp\/v2\/pages\/119\/revisions\/13363"}],"wp:attachment":[{"href":"https:\/\/hydrogencouncil.com\/es\/wp-json\/wp\/v2\/media?parent=119"}],"curies":[{"name":"gracias","href":"https:\/\/api.w.org\/{rel}","templated":true}]}}